{"id":102546,"date":"2023-12-09T18:14:48","date_gmt":"2023-12-09T17:14:48","guid":{"rendered":"https:\/\/terradelpriorat.com\/wine-tourism-and-experiences"},"modified":"2026-04-10T08:45:08","modified_gmt":"2026-04-10T07:45:08","slug":"wine-tourism-and-experiences","status":"publish","type":"page","link":"https:\/\/terradelpriorat.com\/en\/wine-tourism-and-experiences","title":{"rendered":"Wine tourism and experiences"},"content":{"rendered":"<div class=\"wpb-content-wrapper\"><p>[vc_row row_height_percent=&#8221;100&#8243; back_color=&#8221;color-nhtu&#8221; overlay_alpha=&#8221;50&#8243; gutter_size=&#8221;3&#8243; column_width_percent=&#8221;100&#8243; shift_y=&#8221;0&#8243; z_index=&#8221;0&#8243; front_end_with_slider=&#8221;true&#8221; uncode_shortcode_id=&#8221;108085&#8243; back_color_type=&#8221;uncode-palette&#8221;][vc_column width=&#8221;1\/1&#8243;][uncode_slider slider_type=&#8221;fade&#8221; slider_interval=&#8221;5000&#8243; slider_navspeed=&#8221;700&#8243; slider_loop=&#8221;yes&#8221; slider_dots_space=&#8221;yes&#8221;][vc_row_inner row_inner_height_percent=&#8221;0&#8243; back_color=&#8221;color-nhtu&#8221; back_image=&#8221;100931&#8243; back_position=&#8221;center bottom&#8221; parallax=&#8221;yes&#8221; overlay_color=&#8221;color-jevc&#8221; overlay_alpha=&#8221;30&#8243; gutter_size=&#8221;3&#8243; shift_y=&#8221;0&#8243; z_index=&#8221;0&#8243; limit_content=&#8221;yes&#8221; front_end_with_slider=&#8221;true&#8221; uncode_shortcode_id=&#8221;193595&#8243; back_color_type=&#8221;uncode-palette&#8221; overlay_color_type=&#8221;uncode-palette&#8221;][vc_column_inner column_width_use_pixel=&#8221;yes&#8221; position_vertical=&#8221;middle&#8221; align_horizontal=&#8221;align_center&#8221; gutter_size=&#8221;3&#8243; style=&#8221;dark&#8221; overlay_alpha=&#8221;50&#8243; shift_x=&#8221;0&#8243; shift_y=&#8221;0&#8243; shift_y_down=&#8221;0&#8243; z_index=&#8221;0&#8243; medium_width=&#8221;0&#8243; mobile_width=&#8221;0&#8243; css_animation=&#8221;bottom-t-top&#8221; animation_speed=&#8221;800&#8243; zoom_width=&#8221;0&#8243; zoom_height=&#8221;0&#8243; width=&#8221;1\/1&#8243; column_width_pixel=&#8221;760&#8243; uncode_shortcode_id=&#8221;156043&#8243;][vc_custom_heading text_font=&#8221;font-156269&#8243; text_size=&#8221;fontsize-338686&#8243; text_weight=&#8221;500&#8243; text_space=&#8221;fontspace-781688&#8243; sub_lead=&#8221;yes&#8221; sub_reduced=&#8221;yes&#8221; css_animation=&#8221;curtain&#8221; animation_speed=&#8221;800&#8243; uncode_shortcode_id=&#8221;866113&#8243;]Wine tourism and experiences[\/vc_custom_heading][\/vc_column_inner][\/vc_row_inner][\/uncode_slider][\/vc_column][\/vc_row][vc_row row_height_percent=&#8221;0&#8243; override_padding=&#8221;yes&#8221; h_padding=&#8221;2&#8243; top_padding=&#8221;6&#8243; bottom_padding=&#8221;3&#8243; overlay_alpha=&#8221;50&#8243; equal_height=&#8221;yes&#8221; gutter_size=&#8221;3&#8243; column_width_percent=&#8221;100&#8243; shift_y=&#8221;0&#8243; z_index=&#8221;0&#8243; uncode_shortcode_id=&#8221;100835&#8243;][vc_column column_width_percent=&#8221;100&#8243; position_vertical=&#8221;middle&#8221; gutter_size=&#8221;3&#8243; overlay_alpha=&#8221;50&#8243; shift_x=&#8221;0&#8243; shift_y=&#8221;0&#8243; shift_y_down=&#8221;0&#8243; z_index=&#8221;0&#8243; medium_width=&#8221;0&#8243; mobile_width=&#8221;0&#8243; width=&#8221;1\/2&#8243;][vc_row_inner row_inner_height_percent=&#8221;0&#8243; overlay_alpha=&#8221;50&#8243; gutter_size=&#8221;2&#8243; shift_y=&#8221;0&#8243; z_index=&#8221;0&#8243; limit_content=&#8221;&#8221;][vc_column_inner column_width_percent=&#8221;100&#8243; gutter_size=&#8221;3&#8243; overlay_alpha=&#8221;50&#8243; shift_x=&#8221;0&#8243; shift_y=&#8221;-2&#8243; shift_y_fixed=&#8221;yes&#8221; shift_y_down=&#8221;0&#8243; z_index=&#8221;0&#8243; medium_width=&#8221;4&#8243; mobile_width=&#8221;4&#8243; width=&#8221;1\/2&#8243;][vc_single_image media=&#8221;102495&#8243; media_width_percent=&#8221;100&#8243; media_ratio=&#8221;nine-sixteen&#8221; uncode_shortcode_id=&#8221;197081&#8243;][\/vc_column_inner][vc_column_inner column_width_percent=&#8221;100&#8243; gutter_size=&#8221;3&#8243; overlay_alpha=&#8221;50&#8243; shift_x=&#8221;0&#8243; shift_y=&#8221;0&#8243; shift_y_fixed=&#8221;yes&#8221; shift_y_down=&#8221;-2&#8243; z_index=&#8221;0&#8243; medium_width=&#8221;4&#8243; mobile_width=&#8221;4&#8243; width=&#8221;1\/2&#8243;][vc_single_image media=&#8221;102497&#8243; media_width_percent=&#8221;100&#8243; media_ratio=&#8221;nine-sixteen&#8221; uncode_shortcode_id=&#8221;334599&#8243;][\/vc_column_inner][\/vc_row_inner][\/vc_column][vc_column column_width_percent=&#8221;100&#8243; position_vertical=&#8221;middle&#8221; gutter_size=&#8221;3&#8243; overlay_alpha=&#8221;50&#8243; shift_x=&#8221;0&#8243; shift_y=&#8221;0&#8243; shift_y_down=&#8221;0&#8243; z_index=&#8221;0&#8243; medium_width=&#8221;0&#8243; mobile_width=&#8221;0&#8243; width=&#8221;1\/2&#8243;][vc_custom_heading heading_semantic=&#8221;h3&#8243; text_font=&#8221;font-156269&#8243; text_size=&#8221;fontsize-155944&#8243; uncode_shortcode_id=&#8221;150069&#8243;]Discover the wine country of Priorat and Montsant[\/vc_custom_heading][vc_column_text uncode_shortcode_id=&#8221;124968&#8243;]Reserva amb nosaltres i gaudeix d&#8217;una experi\u00e8ncia 360\u00ba, tastos exclusius a mida, maridatges, visites a vinyes i cellers, i assessorament de compra per al teu celler privat.<\/p>\n<p>Regala una explosi\u00f3 de sabors i aromes capa\u00e7os de trasportarte a un altre temps amb la reserva d&#8217;un dels nostres packs.[\/vc_column_text][\/vc_column][\/vc_row][vc_row row_height_percent=&#8221;50&#8243; override_padding=&#8221;yes&#8221; h_padding=&#8221;2&#8243; top_padding=&#8221;5&#8243; bottom_padding=&#8221;5&#8243; overlay_alpha=&#8221;50&#8243; gutter_size=&#8221;4&#8243; column_width_percent=&#8221;100&#8243; shift_y=&#8221;0&#8243; z_index=&#8221;0&#8243; el_class=&#8221;inverted-device-order&#8221; uncode_shortcode_id=&#8221;113569&#8243;][vc_column column_width_use_pixel=&#8221;yes&#8221; position_vertical=&#8221;middle&#8221; gutter_size=&#8221;3&#8243; overlay_alpha=&#8221;50&#8243; shift_x=&#8221;0&#8243; shift_y=&#8221;0&#8243; shift_y_down=&#8221;0&#8243; z_index=&#8221;0&#8243; medium_width=&#8221;0&#8243; mobile_width=&#8221;0&#8243; width=&#8221;1\/2&#8243; column_width_pixel=&#8221;900&#8243;][vc_custom_heading heading_semantic=&#8221;h3&#8243; text_font=&#8221;font-156269&#8243; text_size=&#8221;fontsize-155944&#8243; subheading=&#8221;Gaudeix d&apos;una experi\u00e8ncia \u00edntima i personalitzada d&apos;un tast i an\u00e0lisi sensorial de cinc vins d&apos;elaboraci\u00f3 pr\u00f2pia D.O.Q Priorat i vins d&apos;autor sense pressa ni temps m\u00ednim de durada.<\/p>\n<p>L&apos;activitat es realitza a la nostra sala de tast.&#8221; uncode_shortcode_id=&#8221;985235&#8243; text_color_type=&#8221;uncode-palette&#8221; text_color_solid=&#8221;#ff0000&#8243;]<strong>Wine tasting<\/strong>[\/vc_custom_heading][vc_custom_heading text_color=&#8221;color-wvjs&#8221; heading_semantic=&#8221;h3&#8243; text_font=&#8221;font-156269&#8243; text_size=&#8221;h3&#8243; uncode_shortcode_id=&#8221;129741&#8243; text_color_type=&#8221;uncode-palette&#8221; subheading=&#8221;Arrange your visit. Limited places.&#8221;]Preu: 40\u20ac per persona[\/vc_custom_heading][vc_button button_color=&#8221;color-wvjs&#8221; outline=&#8221;yes&#8221; border_width=&#8221;0&#8243; link=&#8221;url:https%3A%2F%2Fterradelpriorat.com%2Fproducto%2Ftast-de-vins|title:Tast%20de%20vins|&#8221; button_color_type=&#8221;uncode-palette&#8221; uncode_shortcode_id=&#8221;138766&#8243;]Book now[\/vc_button][\/vc_column][vc_column width=&#8221;1\/2&#8243;][vc_single_image media=&#8221;102447&#8243; media_width_percent=&#8221;100&#8243; media_ratio=&#8221;four-three&#8221; border=&#8221;yes&#8221; uncode_shortcode_id=&#8221;170696&#8243;][\/vc_column][\/vc_row][vc_row row_height_percent=&#8221;50&#8243; override_padding=&#8221;yes&#8221; h_padding=&#8221;2&#8243; top_padding=&#8221;5&#8243; bottom_padding=&#8221;5&#8243; overlay_alpha=&#8221;50&#8243; gutter_size=&#8221;4&#8243; column_width_percent=&#8221;100&#8243; shift_y=&#8221;0&#8243; z_index=&#8221;0&#8243; uncode_shortcode_id=&#8221;397319&#8243;][vc_column column_width_use_pixel=&#8221;yes&#8221; position_vertical=&#8221;middle&#8221; gutter_size=&#8221;3&#8243; overlay_alpha=&#8221;50&#8243; shift_x=&#8221;0&#8243; shift_y=&#8221;0&#8243; shift_y_down=&#8221;0&#8243; z_index=&#8221;0&#8243; medium_width=&#8221;0&#8243; mobile_width=&#8221;0&#8243; width=&#8221;1\/2&#8243; column_width_pixel=&#8221;900&#8243;][vc_custom_heading heading_semantic=&#8221;h3&#8243; text_font=&#8221;font-156269&#8243; text_size=&#8221;fontsize-155944&#8243; subheading=&#8221;Una experi\u00e8ncia plena de sensacions on podr\u00e0 experimentar i entendre l&apos;origen dels vins tocant la terra i veient les vinyes on comen\u00e7a tot.<\/p>\n<p>Al acabar la visita de les nostres terres ens endinsarem en un tast dels nostres vins de m\u00e9s alt nivell.<\/p>\n<p>L&apos;activitat es realitza a les nostres vinyes i a la nostra sala de tast.&#8221; uncode_shortcode_id=&#8221;813230&#8243; text_color_type=&#8221;uncode-palette&#8221; text_color_solid=&#8221;#ff0000&#8243;]<strong>Our <em>terroir<\/em><\/strong>[\/vc_custom_heading][vc_custom_heading text_color=&#8221;color-wvjs&#8221; heading_semantic=&#8221;h3&#8243; text_font=&#8221;font-156269&#8243; text_size=&#8221;h3&#8243; uncode_shortcode_id=&#8221;416677&#8243; text_color_type=&#8221;uncode-palette&#8221; subheading=&#8221;Arrange your visit. Limited places&#8221;]Preu: 60\u20ac per persona[\/vc_custom_heading][vc_button button_color=&#8221;color-wvjs&#8221; outline=&#8221;yes&#8221; border_width=&#8221;0&#8243; link=&#8221;url:https%3A%2F%2Fterradelpriorat.com%2Fproducto%2Ftast-de-vins-i-visita-a-les-vinyes|title:Tast%20de%20vins|&#8221; button_color_type=&#8221;uncode-palette&#8221; uncode_shortcode_id=&#8221;106856&#8243;]Book now[\/vc_button][\/vc_column][vc_column width=&#8221;1\/2&#8243;][vc_single_image media=&#8221;102449&#8243; media_width_percent=&#8221;100&#8243; media_ratio=&#8221;four-three&#8221; border=&#8221;yes&#8221; uncode_shortcode_id=&#8221;813406&#8243;][\/vc_column][\/vc_row][vc_row row_height_percent=&#8221;50&#8243; override_padding=&#8221;yes&#8221; h_padding=&#8221;2&#8243; top_padding=&#8221;5&#8243; bottom_padding=&#8221;5&#8243; overlay_alpha=&#8221;50&#8243; gutter_size=&#8221;4&#8243; column_width_percent=&#8221;100&#8243; shift_y=&#8221;0&#8243; z_index=&#8221;0&#8243; uncode_shortcode_id=&#8221;397319&#8243;][vc_column column_width_use_pixel=&#8221;yes&#8221; position_vertical=&#8221;middle&#8221; gutter_size=&#8221;3&#8243; overlay_alpha=&#8221;50&#8243; shift_x=&#8221;0&#8243; shift_y=&#8221;0&#8243; shift_y_down=&#8221;0&#8243; z_index=&#8221;0&#8243; medium_width=&#8221;0&#8243; mobile_width=&#8221;0&#8243; width=&#8221;1\/2&#8243; column_width_pixel=&#8221;900&#8243;][vc_custom_heading heading_semantic=&#8221;h3&#8243; text_font=&#8221;font-156269&#8243; text_size=&#8221;fontsize-155944&#8243; subheading=&#8221;Una experi\u00e8ncia sensorial completa on es combina terra, el vi i gastronom\u00eda.<\/p>\n<p>Visita a les nostres vinyes seguit d&apos;un tast dels nostres vins de m\u00e9s alt nivell maridats amb productes de la terra.<\/p>\n<p>L&apos;activitat es realitza a les nostres vinyes i a la nostra sala de tast.&#8221; uncode_shortcode_id=&#8221;143472&#8243; text_color_type=&#8221;uncode-palette&#8221; text_color_solid=&#8221;#ff0000&#8243;]<b>El Maridatge<\/b>[\/vc_custom_heading][vc_custom_heading text_color=&#8221;color-wvjs&#8221; heading_semantic=&#8221;h3&#8243; text_font=&#8221;font-156269&#8243; text_size=&#8221;h3&#8243; uncode_shortcode_id=&#8221;661706&#8243; text_color_type=&#8221;uncode-palette&#8221; subheading=&#8221;Arrange your visit. Limited places&#8221;]Price: 75\u20ac per person[\/vc_custom_heading][vc_button button_color=&#8221;color-wvjs&#8221; outline=&#8221;yes&#8221; border_width=&#8221;0&#8243; link=&#8221;url:https%3A%2F%2Fterradelpriorat.com%2Fproducto%2Fel-maridatge|title:Tast%20de%20vins|&#8221; button_color_type=&#8221;uncode-palette&#8221; uncode_shortcode_id=&#8221;881965&#8243;]Book now[\/vc_button][\/vc_column][vc_column width=&#8221;1\/2&#8243;][vc_single_image media=&#8221;102423&#8243; media_width_percent=&#8221;100&#8243; media_ratio=&#8221;four-three&#8221; border=&#8221;yes&#8221; uncode_shortcode_id=&#8221;143332&#8243;][\/vc_column][\/vc_row][vc_row row_height_percent=&#8221;50&#8243; override_padding=&#8221;yes&#8221; h_padding=&#8221;2&#8243; top_padding=&#8221;5&#8243; bottom_padding=&#8221;5&#8243; overlay_alpha=&#8221;50&#8243; gutter_size=&#8221;4&#8243; column_width_percent=&#8221;100&#8243; shift_y=&#8221;0&#8243; z_index=&#8221;0&#8243; el_class=&#8221;inverted-device-order&#8221; uncode_shortcode_id=&#8221;113569&#8243;][vc_column column_width_use_pixel=&#8221;yes&#8221; position_vertical=&#8221;middle&#8221; gutter_size=&#8221;3&#8243; overlay_alpha=&#8221;50&#8243; shift_x=&#8221;0&#8243; shift_y=&#8221;0&#8243; shift_y_down=&#8221;0&#8243; z_index=&#8221;0&#8243; medium_width=&#8221;0&#8243; mobile_width=&#8221;0&#8243; width=&#8221;1\/2&#8243; column_width_pixel=&#8221;900&#8243;][vc_custom_heading heading_semantic=&#8221;h3&#8243; text_font=&#8221;font-156269&#8243; text_size=&#8221;fontsize-155944&#8243; subheading=&#8221;Sopar maridatge + tast a mida + allotjament en habitaci\u00f3 Deluxe o Suite + esmorzar KM0<\/p>\n<p>&#8211; Sopar maridatge amb 3 plats, 3 vins i olis ecol\u00f2gics.<br \/>\n&#8211; Tast a mida dels millors vins de Priorat i Montsant al nostre espai Terra de Priorat.<br \/>\n&#8211; Nit en habitaci\u00f3 Deluxe o Suite.<br \/>\n&#8211; Esmorzars amb embotits ecol\u00f2gics, melmelades i coques casolanes, formatges artesans, sucs de taronja natural, ous de gallines criades en llibertat&#8230;&#8221; uncode_shortcode_id=&#8221;192884&#8243; text_color_type=&#8221;uncode-palette&#8221; text_color_solid=&#8221;#ff0000&#8243;]<strong>Essence of the Priorat<\/strong>[\/vc_custom_heading][vc_custom_heading text_color=&#8221;color-wvjs&#8221; heading_semantic=&#8221;h3&#8243; text_font=&#8221;font-156269&#8243; text_size=&#8221;h3&#8243; uncode_shortcode_id=&#8221;135257&#8243; text_color_type=&#8221;uncode-palette&#8221;]Price for two people: 435\u20ac[\/vc_custom_heading][vc_button button_color=&#8221;color-wvjs&#8221; outline=&#8221;yes&#8221; border_width=&#8221;0&#8243; link=&#8221;url:https%3A%2F%2Fterradelpriorat.com%2Fproducto%2Fpack-essencia-del-priorat|title:Tast%20de%20vins|&#8221; button_color_type=&#8221;uncode-palette&#8221; uncode_shortcode_id=&#8221;105131&#8243;]Book now[\/vc_button][\/vc_column][vc_column width=&#8221;1\/2&#8243;][vc_single_image media=&#8221;102407&#8243; media_width_percent=&#8221;100&#8243; media_ratio=&#8221;four-three&#8221; border=&#8221;yes&#8221; uncode_shortcode_id=&#8221;110152&#8243;][\/vc_column][\/vc_row]<\/p>\n<\/div>","protected":false},"excerpt":{"rendered":"<p>[vc_row row_height_percent=&#8221;100&#8243; back_color=&#8221;color-nhtu&#8221; overlay_alpha=&#8221;50&#8243; gutter_size=&#8221;3&#8243; column_width_percent=&#8221;100&#8243; shift_y=&#8221;0&#8243; z_index=&#8221;0&#8243; front_end_with_slider=&#8221;true&#8221; uncode_shortcode_id=&#8221;108085&#8243; back_color_type=&#8221;uncode-palette&#8221;][vc_column width=&#8221;1\/1&#8243;][uncode_slider slider_type=&#8221;fade&#8221; slider_interval=&#8221;5000&#8243; slider_navspeed=&#8221;700&#8243; slider_loop=&#8221;yes&#8221; slider_dots_space=&#8221;yes&#8221;][vc_row_inner row_inner_height_percent=&#8221;0&#8243; back_color=&#8221;color-nhtu&#8221; back_image=&#8221;100931&#8243; [&hellip;]<\/p>\n","protected":false},"author":1,"featured_media":0,"parent":0,"menu_order":0,"comment_status":"closed","ping_status":"closed","template":"","meta":{"footnotes":""},"class_list":["post-102546","page","type-page","status-publish","hentry"],"_links":{"self":[{"href":"https:\/\/terradelpriorat.com\/en\/wp-json\/wp\/v2\/pages\/102546","targetHints":{"allow":["GET"]}}],"collection":[{"href":"https:\/\/terradelpriorat.com\/en\/wp-json\/wp\/v2\/pages"}],"about":[{"href":"https:\/\/terradelpriorat.com\/en\/wp-json\/wp\/v2\/types\/page"}],"author":[{"embeddable":true,"href":"https:\/\/terradelpriorat.com\/en\/wp-json\/wp\/v2\/users\/1"}],"replies":[{"embeddable":true,"href":"https:\/\/terradelpriorat.com\/en\/wp-json\/wp\/v2\/comments?post=102546"}],"version-history":[{"count":16,"href":"https:\/\/terradelpriorat.com\/en\/wp-json\/wp\/v2\/pages\/102546\/revisions"}],"predecessor-version":[{"id":103897,"href":"https:\/\/terradelpriorat.com\/en\/wp-json\/wp\/v2\/pages\/102546\/revisions\/103897"}],"wp:attachment":[{"href":"https:\/\/terradelpriorat.com\/en\/wp-json\/wp\/v2\/media?parent=102546"}],"curies":[{"name":"wp","href":"https:\/\/api.w.org\/{rel}","templated":true}]}}