{"id":102530,"date":"2023-12-09T17:56:45","date_gmt":"2023-12-09T16:56:45","guid":{"rendered":"https:\/\/terradelpriorat.com\/nuestros-vinos"},"modified":"2026-02-03T09:11:29","modified_gmt":"2026-02-03T08:11:29","slug":"nuestros-vinos","status":"publish","type":"page","link":"https:\/\/terradelpriorat.com\/es\/nuestros-vinos","title":{"rendered":"Nuestros vinos"},"content":{"rendered":"<div class=\"wpb-content-wrapper\"><p>[vc_row row_height_percent=\u00bb100&#8243; back_color=\u00bbcolor-nhtu\u00bb overlay_alpha=\u00bb50&#8243; gutter_size=\u00bb3&#8243; column_width_percent=\u00bb100&#8243; shift_y=\u00bb0&#8243; z_index=\u00bb0&#8243; front_end_with_slider=\u00bbtrue\u00bb uncode_shortcode_id=\u00bb108085&#8243; back_color_type=\u00bbuncode-palette\u00bb][vc_column width=\u00bb1\/1&#8243;][uncode_slider slider_type=\u00bbfade\u00bb slider_interval=\u00bb5000&#8243; slider_navspeed=\u00bb700&#8243; slider_loop=\u00bbyes\u00bb slider_dots_space=\u00bbyes\u00bb][vc_row_inner row_inner_height_percent=\u00bb0&#8243; back_color=\u00bbcolor-nhtu\u00bb back_image=\u00bb101114&#8243; back_position=\u00bbcenter bottom\u00bb parallax=\u00bbyes\u00bb overlay_color=\u00bbcolor-jevc\u00bb overlay_alpha=\u00bb30&#8243; gutter_size=\u00bb3&#8243; shift_y=\u00bb0&#8243; z_index=\u00bb0&#8243; limit_content=\u00bbyes\u00bb front_end_with_slider=\u00bbtrue\u00bb uncode_shortcode_id=\u00bb527846&#8243; back_color_type=\u00bbuncode-palette\u00bb overlay_color_type=\u00bbuncode-palette\u00bb][vc_column_inner column_width_use_pixel=\u00bbyes\u00bb position_vertical=\u00bbmiddle\u00bb align_horizontal=\u00bbalign_center\u00bb gutter_size=\u00bb3&#8243; style=\u00bbdark\u00bb overlay_alpha=\u00bb50&#8243; shift_x=\u00bb0&#8243; shift_y=\u00bb0&#8243; shift_y_down=\u00bb0&#8243; z_index=\u00bb0&#8243; medium_width=\u00bb0&#8243; mobile_width=\u00bb0&#8243; css_animation=\u00bbbottom-t-top\u00bb animation_speed=\u00bb800&#8243; zoom_width=\u00bb0&#8243; zoom_height=\u00bb0&#8243; width=\u00bb1\/1&#8243; column_width_pixel=\u00bb760&#8243; uncode_shortcode_id=\u00bb156043&#8243;][vc_custom_heading text_font=\u00bbfont-156269&#8243; text_size=\u00bbfontsize-338686&#8243; text_weight=\u00bb500&#8243; text_space=\u00bbfontspace-781688&#8243; sub_lead=\u00bbyes\u00bb sub_reduced=\u00bbyes\u00bb css_animation=\u00bbcurtain\u00bb animation_speed=\u00bb800&#8243; uncode_shortcode_id=\u00bb378766&#8243;]Nuestros vinos[\/vc_custom_heading][\/vc_column_inner][\/vc_row_inner][\/uncode_slider][\/vc_column][\/vc_row][vc_row row_height_percent=\u00bb0&#8243; override_padding=\u00bbyes\u00bb h_padding=\u00bb2&#8243; top_padding=\u00bb3&#8243; bottom_padding=\u00bb3&#8243; overlay_alpha=\u00bb50&#8243; gutter_size=\u00bb3&#8243; column_width_percent=\u00bb100&#8243; shift_y=\u00bb0&#8243; z_index=\u00bb0&#8243; row_name=\u00bbHighlights\u00bb uncode_shortcode_id=\u00bb933122&#8243;][vc_column column_width_percent=\u00bb100&#8243; position_vertical=\u00bbmiddle\u00bb gutter_size=\u00bb3&#8243; overlay_alpha=\u00bb50&#8243; shift_x=\u00bb0&#8243; shift_y=\u00bb0&#8243; medium_width=\u00bb4&#8243; zoom_width=\u00bb0&#8243; zoom_height=\u00bb0&#8243; width=\u00bb1\/2&#8243;][vc_custom_heading text_font=\u00bbfont-156269&#8243; uncode_shortcode_id=\u00bb802830&#8243;]Coloma Vernet[\/vc_custom_heading][vc_separator sep_color=\u00bb,Default\u00bb][vc_column_text uncode_shortcode_id=\u00bb142863&#8243;]Coloma Vernet Priorat es una menci\u00f3n a los oficios, al trabajo bien hecho, a la constancia y tradici\u00f3n de querer plasmar en un vino la personalidad propia del viticultor, sin miedo a otorgarle un car\u00e1cter propio al resultado de un esfuerzo que se voz superado a s\u00ed mismo.<\/p>\n<p>Por eso nuestros vinos monovarietales Coloma Vernet no se ven alterados por ning\u00fan coupage, son primarios, \u00fanicos, naturales como el vi\u00f1edo nos entreg\u00f3 las uvas.<\/p>\n<p>La pizarra del Priorat enaltece el car\u00e1cter f\u00e9rrico y mineral de estos vinos. Su juventud se redondea a lo largo de la crianza en barrica. Vinos sin sulfitos a\u00f1adidos. Sin clarificaci\u00f3n ni filtraci\u00f3n por mantener la pureza de su car\u00e1cter. Edici\u00f3n limitada a 300 botellas por barrica.[\/vc_column_text][vc_separator sep_color=\u00bb,Default\u00bb][\/vc_column][vc_column column_width_percent=\u00bb100&#8243; position_vertical=\u00bbmiddle\u00bb gutter_size=\u00bb3&#8243; override_padding=\u00bbyes\u00bb column_padding=\u00bb2&#8243; overlay_alpha=\u00bb50&#8243; shift_x=\u00bb0&#8243; shift_y=\u00bb0&#8243; medium_width=\u00bb4&#8243; zoom_width=\u00bb0&#8243; zoom_height=\u00bb0&#8243; width=\u00bb1\/2&#8243;][vc_single_image media=\u00bb102460&#8243; media_width_percent=\u00bb100&#8243; media_ratio=\u00bbone-one\u00bb alignment=\u00bbcenter\u00bb shadow=\u00bbyes\u00bb shadow_weight=\u00bblg\u00bb image=\u00bb101648&#8243; border_color=\u00bbgrey\u00bb img_link_target=\u00bb_self\u00bb img_size=\u00bbfull\u00bb uncode_shortcode_id=\u00bb168301&#8243;][\/vc_column][\/vc_row][vc_row row_height_percent=\u00bb0&#8243; override_padding=\u00bbyes\u00bb h_padding=\u00bb2&#8243; top_padding=\u00bb5&#8243; bottom_padding=\u00bb5&#8243; overlay_alpha=\u00bb50&#8243; equal_height=\u00bbyes\u00bb gutter_size=\u00bb4&#8243; column_width_percent=\u00bb100&#8243; shift_y=\u00bb0&#8243; z_index=\u00bb0&#8243;][vc_column column_width_percent=\u00bb100&#8243; align_horizontal=\u00bbalign_center\u00bb gutter_size=\u00bb3&#8243; overlay_alpha=\u00bb50&#8243; shift_x=\u00bb0&#8243; shift_y=\u00bb0&#8243; shift_y_down=\u00bb0&#8243; z_index=\u00bb0&#8243; medium_width=\u00bb0&#8243; mobile_width=\u00bb0&#8243; width=\u00bb1\/3&#8243;][vc_single_image media=\u00bb102472&#8243; media_width_percent=\u00bb100&#8243; media_ratio=\u00bbtwo-three\u00bb uncode_shortcode_id=\u00bb134083&#8243;][vc_column_text uncode_shortcode_id=\u00bb172022&#8243;]<\/p>\n<p style=\"text-align: left;\">La garnacha presenta unos aromas florales y de fruta madura en nariz que en boca se transforman en compota de frutas de bosque y tanino dulce como su car\u00e1cter expresa.<\/p>\n<p style=\"text-align: left;\"><strong>Coupage:<\/strong> Garnacha tinta monovarietal.<strong><br \/>\n<\/strong> <strong>Maridaje:<\/strong> Gastronom\u00eda mediterr\u00e1nea en general.<br \/>\n <strong>Crianza:<\/strong> 12 meses en barrica de roble Franc\u00e9s de tostado ligero.<\/p>\n<p>[\/vc_column_text][\/vc_column][vc_column width=\u00bb1\/3&#8243;][vc_single_image media=\u00bb102974&#8243; media_width_percent=\u00bb100&#8243; media_ratio=\u00bbtwo-three\u00bb uncode_shortcode_id=\u00bb159031&#8243;][vc_column_text uncode_shortcode_id=\u00bb120744&#8243;]<\/p>\n<p style=\"text-align: justify;\">Merlot es un vino de color rub\u00ed intenso, de tanino bien integrado, sedoso y voluptoso que despliega aromas de frutos rojos maduros, cereza picota y con un toque minera.<\/p>\n<p style=\"text-align: left;\"><strong>Coupage:<\/strong> Merlot monovarietal.<br \/>\n <strong>Maridaje:<\/strong> Todo tipo de pastas, arroces y tonos picantes.<br \/>\n <strong>Crianza:<\/strong> 12 meses en barrica de roble Franc\u00e9s de tostado ligero.<\/p>\n<p>[\/vc_column_text][\/vc_column][vc_column width=\u00bb1\/3&#8243;][vc_single_image media=\u00bb102474&#8243; media_width_percent=\u00bb100&#8243; media_ratio=\u00bbtwo-three\u00bb uncode_shortcode_id=\u00bb124560&#8243;][vc_column_text uncode_shortcode_id=\u00bb130269&#8243;]<\/p>\n<p style=\"text-align: justify;\">El syrah es sangu\u00edneo y f\u00e9rrico. En boca presenta un tanino carnoso y maduro, la fruta en nariz expresa y ofrece notas de frambuesa y cassis combinado con mineralidad del Priorat.<\/p>\n<p style=\"text-align: justify;\"><strong>Coupage:<\/strong> Syrah monovarietal.<br \/>\n <strong>Maridaje:<\/strong> Todo tipo de carnes y aperitivos elaborados.<br \/>\n <strong>Crianza:<\/strong> 12 meses en barrica de roble Franc\u00e9s de tostado ligero.<\/p>\n<p>[\/vc_column_text][\/vc_column][\/vc_row][vc_row row_height_percent=\u00bb0&#8243; override_padding=\u00bbyes\u00bb h_padding=\u00bb2&#8243; top_padding=\u00bb5&#8243; bottom_padding=\u00bb5&#8243; overlay_alpha=\u00bb50&#8243; equal_height=\u00bbyes\u00bb gutter_size=\u00bb4&#8243; column_width_percent=\u00bb100&#8243; shift_y=\u00bb0&#8243; z_index=\u00bb0&#8243;][vc_column width=\u00bb1\/3&#8243;][vc_single_image media=\u00bb102468&#8243; media_width_percent=\u00bb100&#8243; media_ratio=\u00bbtwo-three\u00bb uncode_shortcode_id=\u00bb116710&#8243;][vc_column_text uncode_shortcode_id=\u00bb108053&#8243;]<\/p>\n<p style=\"text-align: justify;\">El cabernet sauvignon es sumamente fino y elegante. El equilibrio aporta a la nariz notas especiadas y de sotobosque que combinan con un tanino s\u00f3lido, redondo en boca y bajo en pirasinas. <\/p>\n<p style=\"text-align: left;\"><strong>Coupage:<\/strong> Cabernet Sauvignon monovarietal.<br \/>\n <strong>Maridaje:<\/strong> Tempura de verduras y quesos intentos especialmente azules.<br \/>\n <strong>Crianza:<\/strong> 12 meses en barrica de roble Franc\u00e9s de tostado ligero.<\/p>\n<p>[\/vc_column_text][\/vc_column][vc_column width=\u00bb1\/3&#8243;][\/vc_column][vc_column width=\u00bb1\/3&#8243;][\/vc_column][\/vc_row][vc_row row_height_percent=\u00bb0&#8243; override_padding=\u00bbyes\u00bb h_padding=\u00bb2&#8243; top_padding=\u00bb3&#8243; bottom_padding=\u00bb3&#8243; overlay_alpha=\u00bb50&#8243; gutter_size=\u00bb3&#8243; column_width_percent=\u00bb100&#8243; shift_y=\u00bb0&#8243; z_index=\u00bb0&#8243; row_name=\u00bbHighlights\u00bb uncode_shortcode_id=\u00bb525096&#8243;][vc_column column_width_percent=\u00bb100&#8243; position_vertical=\u00bbmiddle\u00bb gutter_size=\u00bb3&#8243; overlay_alpha=\u00bb50&#8243; shift_x=\u00bb0&#8243; shift_y=\u00bb0&#8243; medium_width=\u00bb4&#8243; zoom_width=\u00bb0&#8243; zoom_height=\u00bb0&#8243; width=\u00bb1\/2&#8243;][vc_custom_heading text_font=\u00bbfont-156269&#8243; uncode_shortcode_id=\u00bb209554&#8243;]L&#8217;Amour Blanc[\/vc_custom_heading][vc_separator sep_color=\u00bb,Default\u00bb][vc_column_text uncode_shortcode_id=\u00bb900244&#8243;]<\/p>\n<p class=\"p1\"><strong>Coupage:<\/strong> Garnacha Blanca &#8211; Chenin Blanc<br \/>\n <strong>Crianza:<\/strong> 8 meses en barrica de roble Franc\u00e9s de tostado medio-ligero.<\/p>\n<p class=\"p1\">Vino blanco muy arom\u00e1tico, mineral, fresco y muy tropical. Acidez media-baja, gran volumen y estructura en boca, persistencia en sabor. <\/p>\n<p><strong>Coupage:<\/strong> Viognier &#8211; Chenin blanco<br \/>\n<strong>Crianza:<\/strong> 8 meses en barrica de roble Franc\u00e9s de tostado medio-ligero.<\/p>\n<p>Muy arom\u00e1tico y con buena acidez que le confiere un toque fresco y goloso.[\/vc_column_text][vc_separator sep_color=\u00bb,Default\u00bb][\/vc_column][vc_column column_width_percent=\u00bb100&#8243; position_vertical=\u00bbmiddle\u00bb gutter_size=\u00bb3&#8243; override_padding=\u00bbyes\u00bb column_padding=\u00bb2&#8243; overlay_alpha=\u00bb50&#8243; shift_x=\u00bb0&#8243; shift_y=\u00bb0&#8243; medium_width=\u00bb4&#8243; zoom_width=\u00bb0&#8243; zoom_height=\u00bb0&#8243; width=\u00bb1\/2&#8243;][vc_single_image media=\u00bb103628&#8243; media_width_percent=\u00bb100&#8243; media_ratio=\u00bbthree-four\u00bb alignment=\u00bbcenter\u00bb shadow=\u00bbyes\u00bb shadow_weight=\u00bblg\u00bb image=\u00bb101648&#8243; border_color=\u00bbgrey\u00bb img_link_target=\u00bb_self\u00bb img_size=\u00bbfull\u00bb uncode_shortcode_id=\u00bb133838&#8243;][\/vc_column][\/vc_row][vc_row row_height_percent=\u00bb0&#8243; override_padding=\u00bbyes\u00bb h_padding=\u00bb2&#8243; top_padding=\u00bb3&#8243; bottom_padding=\u00bb3&#8243; overlay_alpha=\u00bb50&#8243; gutter_size=\u00bb3&#8243; column_width_percent=\u00bb100&#8243; shift_y=\u00bb0&#8243; z_index=\u00bb0&#8243; row_name=\u00bbHighlights\u00bb uncode_shortcode_id=\u00bb933122&#8243;][vc_column column_width_percent=\u00bb100&#8243; position_vertical=\u00bbmiddle\u00bb gutter_size=\u00bb3&#8243; override_padding=\u00bbyes\u00bb column_padding=\u00bb2&#8243; overlay_alpha=\u00bb50&#8243; shift_x=\u00bb0&#8243; shift_y=\u00bb0&#8243; medium_width=\u00bb4&#8243; zoom_width=\u00bb0&#8243; zoom_height=\u00bb0&#8243; width=\u00bb1\/2&#8243;][vc_single_image media=\u00bb102500&#8243; media_width_percent=\u00bb100&#8243; media_ratio=\u00bbone-one\u00bb alignment=\u00bbcenter\u00bb shadow=\u00bbyes\u00bb shadow_weight=\u00bblg\u00bb image=\u00bb101648&#8243; border_color=\u00bbgrey\u00bb img_link_target=\u00bb_self\u00bb img_size=\u00bbfull\u00bb uncode_shortcode_id=\u00bb181913&#8243;][\/vc_column][vc_column column_width_percent=\u00bb100&#8243; position_vertical=\u00bbmiddle\u00bb gutter_size=\u00bb3&#8243; overlay_alpha=\u00bb50&#8243; shift_x=\u00bb0&#8243; shift_y=\u00bb0&#8243; medium_width=\u00bb4&#8243; zoom_width=\u00bb0&#8243; zoom_height=\u00bb0&#8243; width=\u00bb1\/2&#8243;][vc_custom_heading text_font=\u00bbfont-156269&#8243; uncode_shortcode_id=\u00bb184550&#8243;]Terra Seca[\/vc_custom_heading][vc_separator sep_color=\u00bb,Default\u00bb][vc_column_text uncode_shortcode_id=\u00bb205092&#8243;]Terra Seca es un vino tinto con extracci\u00f3n, fructoso y maduro en la boca, con persistencia, con buena acidez y tanicidad equilibrada.<\/p>\n<p> <strong>Coupage:<\/strong> Garancha negra y Cari\u00f1ena.<br \/>\n <strong>Maridaje:<\/strong> Todo tipo de gastronom\u00eda mediterr\u00e1nea y cocina alternativa.<br \/>\n <strong>Crianza:<\/strong> 3 meses en barrica de roble Franc\u00e9s de tostado bajo.[\/vc_column_text][vc_separator sep_color=\u00bb,Default\u00bb][\/vc_column][\/vc_row][vc_row row_height_percent=\u00bb0&#8243; override_padding=\u00bbyes\u00bb h_padding=\u00bb2&#8243; top_padding=\u00bb3&#8243; bottom_padding=\u00bb3&#8243; overlay_alpha=\u00bb50&#8243; gutter_size=\u00bb3&#8243; column_width_percent=\u00bb100&#8243; shift_y=\u00bb0&#8243; z_index=\u00bb0&#8243; row_name=\u00bbHighlights\u00bb uncode_shortcode_id=\u00bb933122&#8243;][vc_column column_width_percent=\u00bb100&#8243; position_vertical=\u00bbmiddle\u00bb gutter_size=\u00bb3&#8243; override_padding=\u00bbyes\u00bb column_padding=\u00bb2&#8243; overlay_alpha=\u00bb50&#8243; shift_x=\u00bb0&#8243; shift_y=\u00bb0&#8243; medium_width=\u00bb4&#8243; zoom_width=\u00bb0&#8243; zoom_height=\u00bb0&#8243; width=\u00bb1\/2&#8243;][vc_single_image media=\u00bb103620&#8243; media_width_percent=\u00bb100&#8243; alignment=\u00bbcenter\u00bb shadow=\u00bbyes\u00bb shadow_weight=\u00bblg\u00bb image=\u00bb101648&#8243; border_color=\u00bbgrey\u00bb img_link_target=\u00bb_self\u00bb img_size=\u00bbfull\u00bb uncode_shortcode_id=\u00bb672283&#8243;][\/vc_column][vc_column column_width_percent=\u00bb100&#8243; position_vertical=\u00bbmiddle\u00bb gutter_size=\u00bb3&#8243; overlay_alpha=\u00bb50&#8243; shift_x=\u00bb0&#8243; shift_y=\u00bb0&#8243; medium_width=\u00bb4&#8243; zoom_width=\u00bb0&#8243; zoom_height=\u00bb0&#8243; width=\u00bb1\/2&#8243;][vc_custom_heading text_font=\u00bbfont-156269&#8243; uncode_shortcode_id=\u00bb200556&#8243;]Tierra Seca Blanco[\/vc_custom_heading][vc_separator sep_color=\u00bb,Default\u00bb][vc_column_text uncode_shortcode_id=\u00bb198439&#8243;]<\/p>\n<p data-start=\"121\" data-end=\"187\"><strong data-start=\"121\" data-end=\"133\">Crianza:<\/strong> 5 meses sobre l\u00edas finas y un 10% en barrica de 500 l.<\/p>\n<p data-start=\"189\" data-end=\"222\"><strong data-start=\"189\" data-end=\"214\">Graduaci\u00f3n alcoh\u00f3lica:<\/strong> 13,5\u00ba<\/p>\n<p data-start=\"224\" data-end=\"254\"><strong data-start=\"224\" data-end=\"236\">Coupage:<\/strong> Garnacha Blanca<\/p>\n<p data-start=\"256\" data-end=\"363\"><strong data-start=\"256\" data-end=\"267\">Terrero:<\/strong> Finca Collet Blanch, vi\u00f1edos de altura y suelo arcillocalc\u00e1reo con presencia de roca de guijarro redondo.<\/p>\n<p data-start=\"365\" data-end=\"436\"><strong data-start=\"365\" data-end=\"379\">Maridaje:<\/strong> Vino amable y fresco, ideal para todo tipo de gastronom\u00eda.<\/p>\n<p>[\/vc_column_text][vc_separator sep_color=\u00bb,Default\u00bb][\/vc_column][\/vc_row][vc_row row_height_percent=\u00bb0&#8243; override_padding=\u00bbyes\u00bb h_padding=\u00bb2&#8243; top_padding=\u00bb3&#8243; bottom_padding=\u00bb3&#8243; overlay_alpha=\u00bb50&#8243; gutter_size=\u00bb3&#8243; column_width_percent=\u00bb100&#8243; shift_y=\u00bb0&#8243; z_index=\u00bb0&#8243; row_name=\u00bbHighlights\u00bb uncode_shortcode_id=\u00bb525096&#8243;][vc_column column_width_percent=\u00bb100&#8243; position_vertical=\u00bbmiddle\u00bb gutter_size=\u00bb3&#8243; overlay_alpha=\u00bb50&#8243; shift_x=\u00bb0&#8243; shift_y=\u00bb0&#8243; medium_width=\u00bb4&#8243; zoom_width=\u00bb0&#8243; zoom_height=\u00bb0&#8243; width=\u00bb1\/2&#8243;][vc_custom_heading text_font=\u00bbfont-156269&#8243; uncode_shortcode_id=\u00bb166994&#8243;]Sendra[\/vc_custom_heading][vc_separator sep_color=\u00bb,Default\u00bb][vc_column_text uncode_shortcode_id=\u00bb187420&#8243;]Sendra es la viva expresi\u00f3n de lo ex\u00f3tico, fructoso, elegante y con un paso por boca muy sedoso.<\/p>\n<p> <strong>Coupage:<\/strong> Merlot, Syrah y Cabernet Sauvignon.<br \/>\n <strong>Maridaje:<\/strong> Muy vers\u00e1til excelente para cocina alternativa y platos gastron\u00f3micos.<br \/>\n <strong>Crianza:<\/strong> 10 meses en barrica de roble Franc\u00e9s de tostado ligero.[\/vc_column_text][vc_separator sep_color=\u00bb,Default\u00bb][\/vc_column][vc_column column_width_percent=\u00bb100&#8243; position_vertical=\u00bbmiddle\u00bb gutter_size=\u00bb3&#8243; override_padding=\u00bbyes\u00bb column_padding=\u00bb2&#8243; overlay_alpha=\u00bb50&#8243; shift_x=\u00bb0&#8243; shift_y=\u00bb0&#8243; medium_width=\u00bb4&#8243; zoom_width=\u00bb0&#8243; zoom_height=\u00bb0&#8243; width=\u00bb1\/2&#8243;][vc_single_image media=\u00bb102967&#8243; media_width_percent=\u00bb100&#8243; media_ratio=\u00bbthree-four\u00bb alignment=\u00bbcenter\u00bb shadow=\u00bbyes\u00bb shadow_weight=\u00bblg\u00bb image=\u00bb101648&#8243; border_color=\u00bbgrey\u00bb img_link_target=\u00bb_self\u00bb img_size=\u00bbfull\u00bb uncode_shortcode_id=\u00bb877489&#8243;][\/vc_column][\/vc_row][vc_row row_height_percent=\u00bb0&#8243; override_padding=\u00bbyes\u00bb h_padding=\u00bb2&#8243; top_padding=\u00bb3&#8243; bottom_padding=\u00bb3&#8243; overlay_alpha=\u00bb50&#8243; gutter_size=\u00bb3&#8243; column_width_percent=\u00bb100&#8243; shift_y=\u00bb0&#8243; z_index=\u00bb0&#8243; row_name=\u00bbHighlights\u00bb uncode_shortcode_id=\u00bb525096&#8243;][vc_column column_width_percent=\u00bb100&#8243; position_vertical=\u00bbmiddle\u00bb gutter_size=\u00bb3&#8243; override_padding=\u00bbyes\u00bb column_padding=\u00bb2&#8243; overlay_alpha=\u00bb50&#8243; shift_x=\u00bb0&#8243; shift_y=\u00bb0&#8243; medium_width=\u00bb4&#8243; zoom_width=\u00bb0&#8243; zoom_height=\u00bb0&#8243; width=\u00bb1\/2&#8243;][vc_single_image media=\u00bb103632&#8243; media_width_percent=\u00bb100&#8243; media_ratio=\u00bbthree-four\u00bb alignment=\u00bbcenter\u00bb shadow=\u00bbyes\u00bb shadow_weight=\u00bblg\u00bb image=\u00bb101648&#8243; border_color=\u00bbgrey\u00bb img_link_target=\u00bb_self\u00bb img_size=\u00bbfull\u00bb uncode_shortcode_id=\u00bb583398&#8243;][\/vc_column][vc_column column_width_percent=\u00bb100&#8243; position_vertical=\u00bbmiddle\u00bb gutter_size=\u00bb3&#8243; overlay_alpha=\u00bb50&#8243; shift_x=\u00bb0&#8243; shift_y=\u00bb0&#8243; medium_width=\u00bb4&#8243; zoom_width=\u00bb0&#8243; zoom_height=\u00bb0&#8243; width=\u00bb1\/2&#8243;][vc_custom_heading text_font=\u00bbfont-156269&#8243; uncode_shortcode_id=\u00bb113925&#8243;]La Mestressa[\/vc_custom_heading][vc_separator sep_color=\u00bb,Default\u00bb][vc_column_text uncode_shortcode_id=\u00bb242791&#8243;]La Ama es un vino ancestral de garnachas de 60 a\u00f1os en laderas de cultivo manual y artesanal.<\/p>\n<p> <strong>Coupage:<\/strong> Garnacha tinta 60 a\u00f1os monovarietal.<br \/>\n <strong>Maridaje:<\/strong> Carnes rojas maduradas, guisos grasos y todo tipo de embutidos y quesos intensos.<br \/>\n <strong>Crianza:<\/strong> 24 meses en barrica de roble Franc\u00e9s de los bosques de Ali\u00e9 ensamblada en Francia de tostado lento medio-bajo.[\/vc_column_text][vc_separator sep_color=\u00bb,Default\u00bb][\/vc_column][\/vc_row][vc_row row_height_percent=\u00bb0&#8243; override_padding=\u00bbyes\u00bb h_padding=\u00bb2&#8243; top_padding=\u00bb3&#8243; bottom_padding=\u00bb3&#8243; overlay_alpha=\u00bb50&#8243; gutter_size=\u00bb3&#8243; column_width_percent=\u00bb100&#8243; shift_y=\u00bb0&#8243; z_index=\u00bb0&#8243; row_name=\u00bbHighlights\u00bb uncode_shortcode_id=\u00bb525096&#8243;][vc_column column_width_percent=\u00bb100&#8243; position_vertical=\u00bbmiddle\u00bb gutter_size=\u00bb3&#8243; override_padding=\u00bbyes\u00bb column_padding=\u00bb2&#8243; overlay_alpha=\u00bb50&#8243; shift_x=\u00bb0&#8243; shift_y=\u00bb0&#8243; medium_width=\u00bb4&#8243; zoom_width=\u00bb0&#8243; zoom_height=\u00bb0&#8243; width=\u00bb1\/2&#8243;][vc_single_image media=\u00bb103640&#8243; media_width_percent=\u00bb100&#8243; media_ratio=\u00bbone-one\u00bb alignment=\u00bbcenter\u00bb image=\u00bb101648&#8243; border_color=\u00bbgrey\u00bb img_link_target=\u00bb_self\u00bb img_size=\u00bbfull\u00bb uncode_shortcode_id=\u00bb139483&#8243;][vc_column_text uncode_shortcode_id=\u00bb112070&#8243;]<\/p>\n<p style=\"text-align: center;\"><strong>EDICI\u00d3N LIMITADA<\/strong><\/p>\n<p>[\/vc_column_text][\/vc_column][vc_column column_width_percent=\u00bb100&#8243; position_vertical=\u00bbmiddle\u00bb gutter_size=\u00bb3&#8243; overlay_alpha=\u00bb50&#8243; shift_x=\u00bb0&#8243; shift_y=\u00bb0&#8243; medium_width=\u00bb4&#8243; zoom_width=\u00bb0&#8243; zoom_height=\u00bb0&#8243; width=\u00bb1\/2&#8243;][vc_single_image media=\u00bb103637&#8243; media_width_percent=\u00bb100&#8243; media_ratio=\u00bbone-one\u00bb alignment=\u00bbcenter\u00bb image=\u00bb101648&#8243; border_color=\u00bbgrey\u00bb img_link_target=\u00bb_self\u00bb img_size=\u00bbfull\u00bb uncode_shortcode_id=\u00bb193423&#8243;][vc_column_text uncode_shortcode_id=\u00bb112070&#8243;]<\/p>\n<p style=\"text-align: center;\"><strong>EDICI\u00d3N LIMITADA<\/strong><\/p>\n<p>[\/vc_column_text][\/vc_column][\/vc_row]<\/p>\n<\/div>","protected":false},"excerpt":{"rendered":"<p>[vc_row row_height_percent=\u00bb100&#8243; back_color=\u00bbcolor-nhtu\u00bb overlay_alpha=\u00bb50&#8243; gutter_size=\u00bb3&#8243; column_width_percent=\u00bb100&#8243; shift_y=\u00bb0&#8243; z_index=\u00bb0&#8243; front_end_with_slider=\u00bbtrue\u00bb uncode_shortcode_id=\u00bb108085&#8243; back_color_type=\u00bbuncode-palette\u00bb][vc_column width=\u00bb1\/1&#8243;][uncode_slider slider_type=\u00bbfade\u00bb slider_interval=\u00bb5000&#8243; slider_navspeed=\u00bb700&#8243; slider_loop=\u00bbyes\u00bb slider_dots_space=\u00bbyes\u00bb][vc_row_inner row_inner_height_percent=\u00bb0&#8243; back_color=\u00bbcolor-nhtu\u00bb back_image=\u00bb101114&#8243; [&hellip;]<\/p>\n","protected":false},"author":1,"featured_media":0,"parent":0,"menu_order":0,"comment_status":"closed","ping_status":"closed","template":"","meta":{"footnotes":""},"class_list":["post-102530","page","type-page","status-publish","hentry"],"_links":{"self":[{"href":"https:\/\/terradelpriorat.com\/es\/wp-json\/wp\/v2\/pages\/102530","targetHints":{"allow":["GET"]}}],"collection":[{"href":"https:\/\/terradelpriorat.com\/es\/wp-json\/wp\/v2\/pages"}],"about":[{"href":"https:\/\/terradelpriorat.com\/es\/wp-json\/wp\/v2\/types\/page"}],"author":[{"embeddable":true,"href":"https:\/\/terradelpriorat.com\/es\/wp-json\/wp\/v2\/users\/1"}],"replies":[{"embeddable":true,"href":"https:\/\/terradelpriorat.com\/es\/wp-json\/wp\/v2\/comments?post=102530"}],"version-history":[{"count":20,"href":"https:\/\/terradelpriorat.com\/es\/wp-json\/wp\/v2\/pages\/102530\/revisions"}],"predecessor-version":[{"id":103694,"href":"https:\/\/terradelpriorat.com\/es\/wp-json\/wp\/v2\/pages\/102530\/revisions\/103694"}],"wp:attachment":[{"href":"https:\/\/terradelpriorat.com\/es\/wp-json\/wp\/v2\/media?parent=102530"}],"curies":[{"name":"wp","href":"https:\/\/api.w.org\/{rel}","templated":true}]}}