{"id":102549,"date":"2023-12-09T18:19:15","date_gmt":"2023-12-09T17:19:15","guid":{"rendered":"https:\/\/terradelpriorat.com\/enoturismo-y-experiencias"},"modified":"2026-04-10T08:44:21","modified_gmt":"2026-04-10T07:44:21","slug":"enoturismo-y-experiencias","status":"publish","type":"page","link":"https:\/\/terradelpriorat.com\/es\/enoturismo-y-experiencias","title":{"rendered":"Enoturismo y experiencias"},"content":{"rendered":"<div class=\"wpb-content-wrapper\"><p>[vc_row row_height_percent=\u00bb100&#8243; back_color=\u00bbcolor-nhtu\u00bb overlay_alpha=\u00bb50&#8243; gutter_size=\u00bb3&#8243; column_width_percent=\u00bb100&#8243; shift_y=\u00bb0&#8243; z_index=\u00bb0&#8243; front_end_with_slider=\u00bbtrue\u00bb uncode_shortcode_id=\u00bb108085&#8243; back_color_type=\u00bbuncode-palette\u00bb][vc_column width=\u00bb1\/1&#8243;][uncode_slider slider_type=\u00bbfade\u00bb slider_interval=\u00bb5000&#8243; slider_navspeed=\u00bb700&#8243; slider_loop=\u00bbyes\u00bb slider_dots_space=\u00bbyes\u00bb][vc_row_inner row_inner_height_percent=\u00bb0&#8243; back_color=\u00bbcolor-nhtu\u00bb back_image=\u00bb100931&#8243; back_position=\u00bbcenter bottom\u00bb parallax=\u00bbyes\u00bb overlay_color=\u00bbcolor-jevc\u00bb overlay_alpha=\u00bb30&#8243; gutter_size=\u00bb3&#8243; shift_y=\u00bb0&#8243; z_index=\u00bb0&#8243; limit_content=\u00bbyes\u00bb front_end_with_slider=\u00bbtrue\u00bb uncode_shortcode_id=\u00bb193595&#8243; back_color_type=\u00bbuncode-palette\u00bb overlay_color_type=\u00bbuncode-palette\u00bb][vc_column_inner column_width_use_pixel=\u00bbyes\u00bb position_vertical=\u00bbmiddle\u00bb align_horizontal=\u00bbalign_center\u00bb gutter_size=\u00bb3&#8243; style=\u00bbdark\u00bb overlay_alpha=\u00bb50&#8243; shift_x=\u00bb0&#8243; shift_y=\u00bb0&#8243; shift_y_down=\u00bb0&#8243; z_index=\u00bb0&#8243; medium_width=\u00bb0&#8243; mobile_width=\u00bb0&#8243; css_animation=\u00bbbottom-t-top\u00bb animation_speed=\u00bb800&#8243; zoom_width=\u00bb0&#8243; zoom_height=\u00bb0&#8243; width=\u00bb1\/1&#8243; column_width_pixel=\u00bb760&#8243; uncode_shortcode_id=\u00bb156043&#8243;][vc_custom_heading text_font=\u00bbfont-156269&#8243; text_size=\u00bbfontsize-338686&#8243; text_weight=\u00bb500&#8243; text_space=\u00bbfontspace-781688&#8243; sub_lead=\u00bbyes\u00bb sub_reduced=\u00bbyes\u00bb css_animation=\u00bbcurtain\u00bb animation_speed=\u00bb800&#8243; uncode_shortcode_id=\u00bb866113&#8243;]Enoturismo y experiencias[\/vc_custom_heading][\/vc_column_inner][\/vc_row_inner][\/uncode_slider][\/vc_column][\/vc_row][vc_row row_height_percent=\u00bb0&#8243; override_padding=\u00bbyes\u00bb h_padding=\u00bb2&#8243; top_padding=\u00bb6&#8243; bottom_padding=\u00bb3&#8243; overlay_alpha=\u00bb50&#8243; equal_height=\u00bbyes\u00bb gutter_size=\u00bb3&#8243; column_width_percent=\u00bb100&#8243; shift_y=\u00bb0&#8243; z_index=\u00bb0&#8243; uncode_shortcode_id=\u00bb100835&#8243;][vc_column column_width_percent=\u00bb100&#8243; position_vertical=\u00bbmiddle\u00bb gutter_size=\u00bb3&#8243; overlay_alpha=\u00bb50&#8243; shift_x=\u00bb0&#8243; shift_y=\u00bb0&#8243; shift_y_down=\u00bb0&#8243; z_index=\u00bb0&#8243; medium_width=\u00bb0&#8243; mobile_width=\u00bb0&#8243; width=\u00bb1\/2&#8243;][vc_row_inner row_inner_height_percent=\u00bb0&#8243; overlay_alpha=\u00bb50&#8243; gutter_size=\u00bb2&#8243; shift_y=\u00bb0&#8243; z_index=\u00bb0&#8243; limit_content=\u00bb\u00bb][vc_column_inner column_width_percent=\u00bb100&#8243; gutter_size=\u00bb3&#8243; overlay_alpha=\u00bb50&#8243; shift_x=\u00bb0&#8243; shift_y=\u00bb-2&#8243; shift_y_fixed=\u00bbyes\u00bb shift_y_down=\u00bb0&#8243; z_index=\u00bb0&#8243; medium_width=\u00bb4&#8243; mobile_width=\u00bb4&#8243; width=\u00bb1\/2&#8243;][vc_single_image media=\u00bb102496&#8243; media_width_percent=\u00bb100&#8243; media_ratio=\u00bbnine-sixteen\u00bb uncode_shortcode_id=\u00bb197081&#8243;][\/vc_column_inner][vc_column_inner column_width_percent=\u00bb100&#8243; gutter_size=\u00bb3&#8243; overlay_alpha=\u00bb50&#8243; shift_x=\u00bb0&#8243; shift_y=\u00bb0&#8243; shift_y_fixed=\u00bbyes\u00bb shift_y_down=\u00bb-2&#8243; z_index=\u00bb0&#8243; medium_width=\u00bb4&#8243; mobile_width=\u00bb4&#8243; width=\u00bb1\/2&#8243;][vc_single_image media=\u00bb102498&#8243; media_width_percent=\u00bb100&#8243; media_ratio=\u00bbnine-sixteen\u00bb uncode_shortcode_id=\u00bb334599&#8243;][\/vc_column_inner][\/vc_row_inner][\/vc_column][vc_column column_width_percent=\u00bb100&#8243; position_vertical=\u00bbmiddle\u00bb gutter_size=\u00bb3&#8243; overlay_alpha=\u00bb50&#8243; shift_x=\u00bb0&#8243; shift_y=\u00bb0&#8243; shift_y_down=\u00bb0&#8243; z_index=\u00bb0&#8243; medium_width=\u00bb0&#8243; mobile_width=\u00bb0&#8243; width=\u00bb1\/2&#8243;][vc_custom_heading heading_semantic=\u00bbh3&#8243; text_font=\u00bbfont-156269&#8243; text_size=\u00bbfontsize-155944&#8243; uncode_shortcode_id=\u00bb150069&#8243;]Descubre la tierra vinicola del Priorat y Montsant[\/vc_custom_heading][vc_column_text uncode_shortcode_id=\u00bb124968&#8243;]Reserva con nosotros y disfruta de una experiencia 360\u00ba, catas exclusivas a medida, maridajes, visitas a vi\u00f1edos y bodegas, y asesoramiento de compra para tu bodega privada.<\/p>\n<p>Regala una explosi\u00f3n de sabores y aromas capaces de transportarse a otro tiempo con la reserva de uno de nuestros packs.[\/vc_column_text][\/vc_column][\/vc_row][vc_row row_height_percent=\u00bb50&#8243; override_padding=\u00bbyes\u00bb h_padding=\u00bb2&#8243; top_padding=\u00bb5&#8243; bottom_padding=\u00bb5&#8243; overlay_alpha=\u00bb50&#8243; gutter_size=\u00bb4&#8243; column_width_percent=\u00bb100&#8243; shift_y=\u00bb0&#8243; z_index=\u00bb0&#8243; el_class=\u00bbinverted-device-order\u00bb uncode_shortcode_id=\u00bb113569&#8243;][vc_column column_width_use_pixel=\u00bbyes\u00bb position_vertical=\u00bbmiddle\u00bb gutter_size=\u00bb3&#8243; overlay_alpha=\u00bb50&#8243; shift_x=\u00bb0&#8243; shift_y=\u00bb0&#8243; shift_y_down=\u00bb0&#8243; z_index=\u00bb0&#8243; medium_width=\u00bb0&#8243; mobile_width=\u00bb0&#8243; width=\u00bb1\/2&#8243; column_width_pixel=\u00bb900&#8243;][vc_custom_heading heading_semantic=\u00bbh3&#8243; text_font=\u00bbfont-156269&#8243; text_size=\u00bbfontsize-155944&#8243; subheading=\u00bbDisfruta de una experiencia \u00edntima y personalizada de una cata y an\u00e1lisis sensorial de cinco vinos de elaboraci\u00f3n propia D.O.Q Priorat y vinos de autor sin prisa ni tiempo m\u00ednimo de duraci\u00f3n.<\/p>\n<p>La actividad se realiza en nuestra sala de cata.\u00bb uncode_shortcode_id=\u00bb985235&#8243; text_color_type=\u00bbuncode-palette\u00bb text_color_solid=\u00bb#ff0000&#8243;]<strong>Cata de vinos<\/strong>[\/vc_custom_heading][vc_custom_heading text_color=\u00bbcolor-wvjs\u00bb heading_semantic=\u00bbh3&#8243; text_font=\u00bbfont-156269&#8243; text_size=\u00bbh3&#8243; uncode_shortcode_id=\u00bb213797&#8243; text_color_type=\u00bbuncode-palette\u00bb subheading=\u00bbConcierta tu visita. Plazas limitadas.\u00bb]Precio: 40\u20ac por persona[\/vc_custom_heading][vc_button button_color=\u00bbcolor-wvjs\u00bb outline=\u00bbyes\u00bb border_width=\u00bb0&#8243; link=\u00bburl:https%3A%2F%2Fterradelpriorat.com%2Fproducto%2Ftast-de-vins|title:Cata%20de%20vinos|\u00bb button_color_type=\u00bbuncode-palette\u00bb uncode_shortcode_id=\u00bb138766&#8243;]Reservar[\/vc_button][\/vc_column][vc_column width=\u00bb1\/2&#8243;][vc_single_image media=\u00bb102448&#8243; media_width_percent=\u00bb100&#8243; media_ratio=\u00bbfour-three\u00bb border=\u00bbyes\u00bb uncode_shortcode_id=\u00bb170696&#8243;][\/vc_column][\/vc_row][vc_row row_height_percent=\u00bb50&#8243; override_padding=\u00bbyes\u00bb h_padding=\u00bb2&#8243; top_padding=\u00bb5&#8243; bottom_padding=\u00bb5&#8243; overlay_alpha=\u00bb50&#8243; gutter_size=\u00bb4&#8243; column_width_percent=\u00bb100&#8243; shift_y=\u00bb0&#8243; z_index=\u00bb0&#8243; uncode_shortcode_id=\u00bb397319&#8243;][vc_column column_width_use_pixel=\u00bbyes\u00bb position_vertical=\u00bbmiddle\u00bb gutter_size=\u00bb3&#8243; overlay_alpha=\u00bb50&#8243; shift_x=\u00bb0&#8243; shift_y=\u00bb0&#8243; shift_y_down=\u00bb0&#8243; z_index=\u00bb0&#8243; medium_width=\u00bb0&#8243; mobile_width=\u00bb0&#8243; width=\u00bb1\/2&#8243; column_width_pixel=\u00bb900&#8243;][vc_custom_heading heading_semantic=\u00bbh3&#8243; text_font=\u00bbfont-156269&#8243; text_size=\u00bbfontsize-155944&#8243; subheading=\u00bbUna experiencia llena de sensaciones donde pueden experimentar y entender el origen de los vinos tocando la tierra y viendo las vi\u00f1as en las que empieza todo.<\/p>\n<p>Al terminar la visita de nuestras tierras nos adentraremos en una cata de nuestros vinos de m\u00e1s alto nivel.<\/p>\n<p>La actividad se realiza en nuestros vi\u00f1edos y en nuestra sala de cata.\u00bb uncode_shortcode_id=\u00bb813230&#8243; text_color_type=\u00bbuncode-palette\u00bb text_color_solid=\u00bb#ff0000&#8243;]<strong>Nuestro <em>terroir<\/em><\/strong>[\/vc_custom_heading][vc_custom_heading text_color=\u00bbcolor-wvjs\u00bb heading_semantic=\u00bbh3&#8243; text_font=\u00bbfont-156269&#8243; text_size=\u00bbh3&#8243; uncode_shortcode_id=\u00bb192414&#8243; text_color_type=\u00bbuncode-palette\u00bb subheading=\u00bbConcierta tu visita. Plazas limitadas\u00bb]Precio: 60\u20ac por persona[\/vc_custom_heading][vc_button button_color=\u00bbcolor-wvjs\u00bb outline=\u00bbyes\u00bb border_width=\u00bb0&#8243; link=\u00bburl:https%3A%2F%2Fterradelpriorat.com%2Fproducto%2Ftast-de-vins-i-visita-a-les-vinyes|title:Cata%20de%20vinos|\u00bb button_color_type=\u00bbuncode-palette\u00bb uncode_shortcode_id=\u00bb106856&#8243;]Reservar[\/vc_button][\/vc_column][vc_column width=\u00bb1\/2&#8243;][vc_single_image media=\u00bb102450&#8243; media_width_percent=\u00bb100&#8243; media_ratio=\u00bbfour-three\u00bb border=\u00bbyes\u00bb uncode_shortcode_id=\u00bb813406&#8243;][\/vc_column][\/vc_row][vc_row row_height_percent=\u00bb50&#8243; override_padding=\u00bbyes\u00bb h_padding=\u00bb2&#8243; top_padding=\u00bb5&#8243; bottom_padding=\u00bb5&#8243; overlay_alpha=\u00bb50&#8243; gutter_size=\u00bb4&#8243; column_width_percent=\u00bb100&#8243; shift_y=\u00bb0&#8243; z_index=\u00bb0&#8243; uncode_shortcode_id=\u00bb397319&#8243;][vc_column column_width_use_pixel=\u00bbyes\u00bb position_vertical=\u00bbmiddle\u00bb gutter_size=\u00bb3&#8243; overlay_alpha=\u00bb50&#8243; shift_x=\u00bb0&#8243; shift_y=\u00bb0&#8243; shift_y_down=\u00bb0&#8243; z_index=\u00bb0&#8243; medium_width=\u00bb0&#8243; mobile_width=\u00bb0&#8243; width=\u00bb1\/2&#8243; column_width_pixel=\u00bb900&#8243;][vc_custom_heading heading_semantic=\u00bbh3&#8243; text_font=\u00bbfont-156269&#8243; text_size=\u00bbfontsize-155944&#8243; subheading=\u00bbUna experiencia sensorial completa donde se combina tierra, vino y gastronom\u00eda.<\/p>\n<p>Visita a nuestros vi\u00f1edos seguido de una cata de nuestros vinos de m\u00e1s alto nivel maridados con productos de la tierra.<\/p>\n<p>La actividad se realiza en nuestros vi\u00f1edos y en nuestra sala de cata.\u00bb uncode_shortcode_id=\u00bb143472&#8243; text_color_type=\u00bbuncode-palette\u00bb text_color_solid=\u00bb#ff0000&#8243;]<b>El Maridaje<\/b>[\/vc_custom_heading][vc_custom_heading text_color=\u00bbcolor-wvjs\u00bb heading_semantic=\u00bbh3&#8243; text_font=\u00bbfont-156269&#8243; text_size=\u00bbh3&#8243; uncode_shortcode_id=\u00bb661706&#8243; text_color_type=\u00bbuncode-palette\u00bb subheading=\u00bbConcierta tu visita. Plazas limitadas\u00bb]Precio: 75\u20ac por persona[\/vc_custom_heading][vc_button button_color=\u00bbcolor-wvjs\u00bb outline=\u00bbyes\u00bb border_width=\u00bb0&#8243; link=\u00bburl:https%3A%2F%2Fterradelpriorat.com%2Fproducto%2Ftast-de-vins-i-visita-a-les-vinyes|title:Cata%20de%20vinos|\u00bb button_color_type=\u00bbuncode-palette\u00bb uncode_shortcode_id=\u00bb663958&#8243;]Reservar[\/vc_button][\/vc_column][vc_column width=\u00bb1\/2&#8243;][vc_single_image media=\u00bb102424&#8243; media_width_percent=\u00bb100&#8243; media_ratio=\u00bbfour-three\u00bb border=\u00bbyes\u00bb uncode_shortcode_id=\u00bb143332&#8243;][\/vc_column][\/vc_row][vc_row row_height_percent=\u00bb50&#8243; override_padding=\u00bbyes\u00bb h_padding=\u00bb2&#8243; top_padding=\u00bb5&#8243; bottom_padding=\u00bb5&#8243; overlay_alpha=\u00bb50&#8243; gutter_size=\u00bb4&#8243; column_width_percent=\u00bb100&#8243; shift_y=\u00bb0&#8243; z_index=\u00bb0&#8243; el_class=\u00bbinverted-device-order\u00bb uncode_shortcode_id=\u00bb113569&#8243;][vc_column column_width_use_pixel=\u00bbyes\u00bb position_vertical=\u00bbmiddle\u00bb gutter_size=\u00bb3&#8243; overlay_alpha=\u00bb50&#8243; shift_x=\u00bb0&#8243; shift_y=\u00bb0&#8243; shift_y_down=\u00bb0&#8243; z_index=\u00bb0&#8243; medium_width=\u00bb0&#8243; mobile_width=\u00bb0&#8243; width=\u00bb1\/2&#8243; column_width_pixel=\u00bb900&#8243;][vc_custom_heading heading_semantic=\u00bbh3&#8243; text_font=\u00bbfont-156269&#8243; text_size=\u00bbfontsize-155944&#8243; subheading=\u00bbCena maridaje + cata a medida + alojamiento en habitaci\u00f3n Deluxe o Suite + desayuno KM0<\/p>\n<p>&#8211; Cena maridaje con 3 platos, 3 vinos y aceites ecol\u00f3gicos.<br \/>\n&#8211; Cata a medida de los mejores vinos de Priorat y Montsant en nuestro espacio Terra de Priorat.<br \/>\n&#8211; Noche en habitaci\u00f3n Deluxe o Suite.<br \/>\n&#8211; Desayunos con embutidos ecol\u00f3gicos, mermeladas y tortas caseras, quesos artesanos, zumos de naranja natural, huevos de gallinas criadas en libertad&#8230;\u00bb uncode_shortcode_id=\u00bb192884&#8243; text_color_type=\u00bbuncode-palette\u00bb text_color_solid=\u00bb#ff0000&#8243;]<strong>Esencia del Priorat<\/strong>[\/vc_custom_heading][vc_custom_heading text_color=\u00bbcolor-wvjs\u00bb heading_semantic=\u00bbh3&#8243; text_font=\u00bbfont-156269&#8243; text_size=\u00bbh3&#8243; uncode_shortcode_id=\u00bb705109&#8243; text_color_type=\u00bbuncode-palette\u00bb]Precio para dos personas: 435\u20ac[\/vc_custom_heading][vc_button button_color=\u00bbcolor-wvjs\u00bb outline=\u00bbyes\u00bb border_width=\u00bb0&#8243; link=\u00bburl:https%3A%2F%2Fterradelpriorat.com%2Fproducto%2Ftast-de-vins-i-visita-a-les-vinyes|title:Cata%20de%20vinos|\u00bb button_color_type=\u00bbuncode-palette\u00bb uncode_shortcode_id=\u00bb119553&#8243;]Reservar[\/vc_button][\/vc_column][vc_column width=\u00bb1\/2&#8243;][vc_single_image media=\u00bb102408&#8243; media_width_percent=\u00bb100&#8243; media_ratio=\u00bbfour-three\u00bb border=\u00bbyes\u00bb uncode_shortcode_id=\u00bb110152&#8243;][\/vc_column][\/vc_row]<\/p>\n<\/div>","protected":false},"excerpt":{"rendered":"<p>[vc_row row_height_percent=\u00bb100&#8243; back_color=\u00bbcolor-nhtu\u00bb overlay_alpha=\u00bb50&#8243; gutter_size=\u00bb3&#8243; column_width_percent=\u00bb100&#8243; shift_y=\u00bb0&#8243; z_index=\u00bb0&#8243; front_end_with_slider=\u00bbtrue\u00bb uncode_shortcode_id=\u00bb108085&#8243; back_color_type=\u00bbuncode-palette\u00bb][vc_column width=\u00bb1\/1&#8243;][uncode_slider slider_type=\u00bbfade\u00bb slider_interval=\u00bb5000&#8243; slider_navspeed=\u00bb700&#8243; slider_loop=\u00bbyes\u00bb slider_dots_space=\u00bbyes\u00bb][vc_row_inner row_inner_height_percent=\u00bb0&#8243; back_color=\u00bbcolor-nhtu\u00bb back_image=\u00bb100931&#8243; [&hellip;]<\/p>\n","protected":false},"author":1,"featured_media":0,"parent":0,"menu_order":0,"comment_status":"closed","ping_status":"closed","template":"","meta":{"footnotes":""},"class_list":["post-102549","page","type-page","status-publish","hentry"],"_links":{"self":[{"href":"https:\/\/terradelpriorat.com\/es\/wp-json\/wp\/v2\/pages\/102549","targetHints":{"allow":["GET"]}}],"collection":[{"href":"https:\/\/terradelpriorat.com\/es\/wp-json\/wp\/v2\/pages"}],"about":[{"href":"https:\/\/terradelpriorat.com\/es\/wp-json\/wp\/v2\/types\/page"}],"author":[{"embeddable":true,"href":"https:\/\/terradelpriorat.com\/es\/wp-json\/wp\/v2\/users\/1"}],"replies":[{"embeddable":true,"href":"https:\/\/terradelpriorat.com\/es\/wp-json\/wp\/v2\/comments?post=102549"}],"version-history":[{"count":7,"href":"https:\/\/terradelpriorat.com\/es\/wp-json\/wp\/v2\/pages\/102549\/revisions"}],"predecessor-version":[{"id":103896,"href":"https:\/\/terradelpriorat.com\/es\/wp-json\/wp\/v2\/pages\/102549\/revisions\/103896"}],"wp:attachment":[{"href":"https:\/\/terradelpriorat.com\/es\/wp-json\/wp\/v2\/media?parent=102549"}],"curies":[{"name":"wp","href":"https:\/\/api.w.org\/{rel}","templated":true}]}}