{"id":102563,"date":"2023-12-09T18:24:26","date_gmt":"2023-12-09T17:24:26","guid":{"rendered":"https:\/\/terradelpriorat.com\/terra-del-priorat-vinoteca-d-o-q-priorat-y-d-o-montsant"},"modified":"2026-02-03T09:11:29","modified_gmt":"2026-02-03T08:11:29","slug":"terra-del-priorat-vinoteca-d-o-q-priorat-y-d-o-montsant","status":"publish","type":"page","link":"https:\/\/terradelpriorat.com\/es","title":{"rendered":"Terra del Priorat &#8211; Vinoteca D.O.Q Priorat y D.O Montsant"},"content":{"rendered":"<div class=\"wpb-content-wrapper\"><p>[vc_row unlock_row_content=\u00bbyes\u00bb row_height_percent=\u00bb100&#8243; override_padding=\u00bbyes\u00bb h_padding=\u00bb0&#8243; top_padding=\u00bb5&#8243; bottom_padding=\u00bb5&#8243; back_color=\u00bbcolor-wayh\u00bb overlay_alpha=\u00bb50&#8243; gutter_size=\u00bb3&#8243; column_width_percent=\u00bb100&#8243; shift_y=\u00bb0&#8243; z_index=\u00bb0&#8243; front_end_with_slider=\u00bbtrue\u00bb uncode_shortcode_id=\u00bb107248&#8243; back_color_type=\u00bbuncode-palette\u00bb][vc_column column_width_percent=\u00bb100&#8243; gutter_size=\u00bb3&#8243; style=\u00bbdark\u00bb overlay_alpha=\u00bb50&#8243; shift_x=\u00bb0&#8243; shift_y=\u00bb0&#8243; medium_width=\u00bb0&#8243; zoom_width=\u00bb0&#8243; zoom_height=\u00bb0&#8243; width=\u00bb1\/1&#8243;][uncode_slider slider_type=\u00bbfade\u00bb slider_interval=\u00bb0&#8243; slider_navspeed=\u00bb700&#8243; slider_loop=\u00bbyes\u00bb][vc_row_inner row_inner_height_percent=\u00bb0&#8243; back_color=\u00bbcolor-nhtu\u00bb back_image=\u00bb103601&#8243; overlay_color=\u00bbcolor-jevc\u00bb overlay_alpha=\u00bb15&#8243; gutter_size=\u00bb3&#8243; shift_y=\u00bb0&#8243; z_index=\u00bb0&#8243; bottom_divider=\u00bbgradient\u00bb limit_content=\u00bb\u00bb front_end_with_slider=\u00bbtrue\u00bb uncode_shortcode_id=\u00bb483417&#8243; back_color_type=\u00bbuncode-palette\u00bb overlay_color_type=\u00bbuncode-palette\u00bb][vc_column_inner column_width_percent=\u00bb100&#8243; position_vertical=\u00bbmiddle\u00bb align_horizontal=\u00bbalign_center\u00bb gutter_size=\u00bb2&#8243; override_padding=\u00bbyes\u00bb column_padding=\u00bb2&#8243; style=\u00bbdark\u00bb font_family=\u00bbfont-613363&#8243; overlay_alpha=\u00bb50&#8243; shift_x=\u00bb0&#8243; shift_y=\u00bb0&#8243; shift_y_down=\u00bb0&#8243; z_index=\u00bb0&#8243; medium_width=\u00bb0&#8243; align_mobile=\u00bbalign_center_mobile\u00bb mobile_width=\u00bb0&#8243; css_animation=\u00bbalpha-anim\u00bb animation_delay=\u00bb200&#8243; zoom_width=\u00bb0&#8243; zoom_height=\u00bb0&#8243; width=\u00bb1\/1&#8243; uncode_shortcode_id=\u00bb752500&#8243;][vc_custom_heading heading_semantic=\u00bbh1&#8243; text_size=\u00bbfontsize-445851&#8243; text_weight=\u00bb700&#8243; text_space=\u00bbfontspace-111509&#8243; uncode_shortcode_id=\u00bb233042&#8243;]Bienvenido a Terra del Priorat[\/vc_custom_heading][vc_column_text text_lead=\u00bbyes\u00bb uncode_shortcode_id=\u00bb123392&#8243;]DOQ Priorat y vinos de altura[\/vc_column_text][vc_empty_space empty_h=\u00bb1&#8243;][\/vc_column_inner][\/vc_row_inner][vc_row_inner row_inner_height_percent=\u00bb0&#8243; back_color=\u00bbcolor-nhtu\u00bb back_image=\u00bb101114&#8243; overlay_color=\u00bbcolor-jevc\u00bb overlay_alpha=\u00bb15&#8243; gutter_size=\u00bb3&#8243; shift_y=\u00bb0&#8243; z_index=\u00bb0&#8243; bottom_divider=\u00bbgradient\u00bb limit_content=\u00bb\u00bb front_end_with_slider=\u00bbtrue\u00bb uncode_shortcode_id=\u00bb423319&#8243; back_color_type=\u00bbuncode-palette\u00bb overlay_color_type=\u00bbuncode-palette\u00bb][vc_column_inner column_width_percent=\u00bb100&#8243; position_vertical=\u00bbmiddle\u00bb align_horizontal=\u00bbalign_center\u00bb gutter_size=\u00bb2&#8243; override_padding=\u00bbyes\u00bb column_padding=\u00bb2&#8243; style=\u00bbdark\u00bb font_family=\u00bbfont-613363&#8243; overlay_alpha=\u00bb50&#8243; shift_x=\u00bb0&#8243; shift_y=\u00bb0&#8243; shift_y_down=\u00bb0&#8243; z_index=\u00bb0&#8243; medium_width=\u00bb0&#8243; align_mobile=\u00bbalign_center_mobile\u00bb mobile_width=\u00bb0&#8243; css_animation=\u00bbalpha-anim\u00bb animation_delay=\u00bb200&#8243; zoom_width=\u00bb0&#8243; zoom_height=\u00bb0&#8243; width=\u00bb1\/1&#8243; uncode_shortcode_id=\u00bb752500&#8243;][vc_custom_heading heading_semantic=\u00bbh1&#8243; text_size=\u00bbfontsize-338686&#8243; text_weight=\u00bb600&#8243; text_space=\u00bbfontspace-111509&#8243; uncode_shortcode_id=\u00bb200831&#8243;]Regala Tierra del Priorat[\/vc_custom_heading][vc_empty_space empty_h=\u00bb1&#8243;][vc_button size=\u00bbbtn-lg\u00bb radius=\u00bbbtn-circle\u00bb custom_typo=\u00bbyes\u00bb font_family=\u00bbfont-762333&#8243; font_weight=\u00bb700&#8243; border_width=\u00bb0&#8243; link=\u00bburl:https%3A%2F%2Fterradelpriorat.com%2Fenoturmisme-i-experiencies|\u00bb uncode_shortcode_id=\u00bb121589&#8243;]Regala experiencias[\/vc_button][vc_button size=\u00bbbtn-lg\u00bb radius=\u00bbbtn-circle\u00bb custom_typo=\u00bbyes\u00bb font_family=\u00bbfont-762333&#8243; font_weight=\u00bb700&#8243; border_width=\u00bb0&#8243; link=\u00bburl:https%3A%2F%2Fterradelpriorat.com%2Fes%2Fclub-de-vinos-terra-del-priorat|title:Club%20de%20vins%20Terra%20del%20Priorat|target:_blank|\u00bb uncode_shortcode_id=\u00bb987102&#8243;]Club de Vinos[\/vc_button][\/vc_column_inner][\/vc_row_inner][vc_row_inner row_inner_height_percent=\u00bb0&#8243; back_color=\u00bbcolor-nhtu\u00bb back_image=\u00bb100931&#8243; back_position=\u00bbcenter bottom\u00bb overlay_color=\u00bbcolor-jevc\u00bb overlay_alpha=\u00bb15&#8243; gutter_size=\u00bb3&#8243; shift_y=\u00bb0&#8243; z_index=\u00bb0&#8243; bottom_divider=\u00bbgradient\u00bb limit_content=\u00bb\u00bb front_end_with_slider=\u00bbtrue\u00bb uncode_shortcode_id=\u00bb156872&#8243; back_color_type=\u00bbuncode-palette\u00bb overlay_color_type=\u00bbuncode-palette\u00bb][vc_column_inner column_width_percent=\u00bb100&#8243; position_vertical=\u00bbmiddle\u00bb align_horizontal=\u00bbalign_center\u00bb gutter_size=\u00bb2&#8243; override_padding=\u00bbyes\u00bb column_padding=\u00bb2&#8243; style=\u00bbdark\u00bb font_family=\u00bbfont-613363&#8243; overlay_alpha=\u00bb50&#8243; shift_x=\u00bb0&#8243; shift_y=\u00bb0&#8243; shift_y_down=\u00bb0&#8243; z_index=\u00bb0&#8243; medium_width=\u00bb0&#8243; align_mobile=\u00bbalign_center_mobile\u00bb mobile_width=\u00bb0&#8243; css_animation=\u00bbalpha-anim\u00bb animation_delay=\u00bb200&#8243; zoom_width=\u00bb0&#8243; zoom_height=\u00bb0&#8243; width=\u00bb1\/1&#8243; uncode_shortcode_id=\u00bb125181&#8243;][vc_custom_heading text_size=\u00bbfontsize-338686&#8243; text_weight=\u00bb700&#8243; text_space=\u00bbfontspace-111509&#8243; uncode_shortcode_id=\u00bb152581&#8243;]Experiencias y catas a medida[\/vc_custom_heading][vc_column_text text_lead=\u00bbyes\u00bb uncode_shortcode_id=\u00bb439747&#8243;]Enoturismo en el Priorat y Montsant[\/vc_column_text][vc_empty_space empty_h=\u00bb1&#8243;][vc_button size=\u00bbbtn-lg\u00bb radius=\u00bbbtn-circle\u00bb custom_typo=\u00bbyes\u00bb font_family=\u00bbfont-762333&#8243; font_weight=\u00bb700&#8243; border_width=\u00bb0&#8243; link=\u00bburl:https%3A%2F%2Fterradelpriorat.com%2Fenoturmisme-i-experiencies|title:Enoturmisme%20i%20experi%C3%A8ncies|\u00bb uncode_shortcode_id=\u00bb165786&#8243;]Ver todas las experiencias[\/vc_button][\/vc_column_inner][\/vc_row_inner][vc_row_inner row_inner_height_percent=\u00bb0&#8243; back_color=\u00bbcolor-nhtu\u00bb back_image=\u00bb100930&#8243; overlay_color=\u00bbcolor-jevc\u00bb overlay_alpha=\u00bb15&#8243; gutter_size=\u00bb3&#8243; shift_y=\u00bb0&#8243; z_index=\u00bb0&#8243; bottom_divider=\u00bbgradient\u00bb limit_content=\u00bb\u00bb front_end_with_slider=\u00bbtrue\u00bb uncode_shortcode_id=\u00bb213035&#8243; back_color_type=\u00bbuncode-palette\u00bb overlay_color_type=\u00bbuncode-palette\u00bb][vc_column_inner column_width_percent=\u00bb100&#8243; position_vertical=\u00bbmiddle\u00bb align_horizontal=\u00bbalign_center\u00bb gutter_size=\u00bb2&#8243; override_padding=\u00bbyes\u00bb column_padding=\u00bb2&#8243; style=\u00bbdark\u00bb font_family=\u00bbfont-613363&#8243; overlay_alpha=\u00bb50&#8243; shift_x=\u00bb0&#8243; shift_y=\u00bb0&#8243; shift_y_down=\u00bb0&#8243; z_index=\u00bb0&#8243; medium_width=\u00bb0&#8243; align_mobile=\u00bbalign_center_mobile\u00bb mobile_width=\u00bb0&#8243; css_animation=\u00bbalpha-anim\u00bb animation_delay=\u00bb200&#8243; zoom_width=\u00bb0&#8243; zoom_height=\u00bb0&#8243; width=\u00bb1\/1&#8243; uncode_shortcode_id=\u00bb629287&#8243;][vc_custom_heading text_size=\u00bbfontsize-445851&#8243; text_weight=\u00bb700&#8243; text_space=\u00bbfontspace-111509&#8243; uncode_shortcode_id=\u00bb172665&#8243;]Espai gastron\u00f2mic[\/vc_custom_heading][vc_column_text text_lead=\u00bbyes\u00bb uncode_shortcode_id=\u00bb130064&#8243;]Marida tu experiencia con la cocina del Palauet del Priorat[\/vc_column_text][vc_empty_space empty_h=\u00bb1&#8243;][vc_button size=\u00bbbtn-lg\u00bb radius=\u00bbbtn-circle\u00bb custom_typo=\u00bbyes\u00bb font_family=\u00bbfont-762333&#8243; font_weight=\u00bb700&#8243; border_width=\u00bb0&#8243; link=\u00bburl:https%3A%2F%2Fterradelpriorat.com%2Fes%2Fespacio-gastronomico|title:Espai%20gastron%C3%B2mic|\u00bb uncode_shortcode_id=\u00bb150172&#8243;]Descubrir m\u00e1s[\/vc_button][\/vc_column_inner][\/vc_row_inner][\/uncode_slider][\/vc_column][\/vc_row][vc_row row_height_percent=\u00bb50&#8243; override_padding=\u00bbyes\u00bb h_padding=\u00bb2&#8243; top_padding=\u00bb5&#8243; bottom_padding=\u00bb5&#8243; overlay_alpha=\u00bb50&#8243; gutter_size=\u00bb3&#8243; column_width_percent=\u00bb100&#8243; shift_y=\u00bb0&#8243; z_index=\u00bb0&#8243;][vc_column column_width_use_pixel=\u00bbyes\u00bb position_vertical=\u00bbmiddle\u00bb align_horizontal=\u00bbalign_center\u00bb gutter_size=\u00bb3&#8243; overlay_alpha=\u00bb50&#8243; shift_x=\u00bb0&#8243; shift_y=\u00bb0&#8243; shift_y_down=\u00bb0&#8243; z_index=\u00bb0&#8243; medium_width=\u00bb0&#8243; mobile_width=\u00bb0&#8243; width=\u00bb1\/1&#8243; column_width_pixel=\u00bb900&#8243;][vc_custom_heading text_color=\u00bbcolor-wvjs\u00bb heading_semantic=\u00bbh6&#8243; text_size=\u00bbfontsize-160000&#8243; text_transform=\u00bbuppercase\u00bb text_space=\u00bbfontspace-135905&#8243; uncode_shortcode_id=\u00bb318609&#8243; text_color_type=\u00bbuncode-palette\u00bb]DEL CORAZ\u00d3N PRIORADO EN EL MUNDO[\/vc_custom_heading][vc_custom_heading heading_semantic=\u00bbh3&#8243; text_font=\u00bbfont-156269&#8243; text_size=\u00bbfontsize-155944&#8243; uncode_shortcode_id=\u00bb847446&#8243;]Aromas y sabores de la tierra[\/vc_custom_heading][vc_column_text uncode_shortcode_id=\u00bb191513&#8243;]En Terra del Priorat nos hemos comprometido con nuestros clientes en el cuidado de nuestros vi\u00f1edos para producir vinos del m\u00e1s alto nivel.[\/vc_column_text][\/vc_column][\/vc_row][vc_row unlock_row_content=\u00bbyes\u00bb row_height_percent=\u00bb0&#8243; override_padding=\u00bbyes\u00bb h_padding=\u00bb0&#8243; top_padding=\u00bb3&#8243; bottom_padding=\u00bb3&#8243; overlay_alpha=\u00bb50&#8243; equal_height=\u00bbyes\u00bb gutter_size=\u00bb4&#8243; column_width_percent=\u00bb100&#8243; shift_y=\u00bb0&#8243; z_index=\u00bb0&#8243; css=\u00bb.vc_custom_1632648711369{border-top-width: 0px !important;border-bottom-width: 0px !important;}\u00bb uncode_shortcode_id=\u00bb205413&#8243;][vc_column column_width_percent=\u00bb100&#8243; align_horizontal=\u00bbalign_right\u00bb gutter_size=\u00bb3&#8243; overlay_alpha=\u00bb50&#8243; shift_x=\u00bb0&#8243; shift_y=\u00bb0&#8243; z_index=\u00bb0&#8243; medium_width=\u00bb4&#8243; mobile_width=\u00bb0&#8243; width=\u00bb1\/2&#8243;][vc_single_image media=\u00bb102506&#8243; media_width_percent=\u00bb100&#8243; media_ratio=\u00bbfour-three\u00bb uncode_shortcode_id=\u00bb346379&#8243;][\/vc_column][vc_column column_width_use_pixel=\u00bbyes\u00bb position_horizontal=\u00bbleft\u00bb position_vertical=\u00bbmiddle\u00bb gutter_size=\u00bb3&#8243; override_padding=\u00bbyes\u00bb column_padding=\u00bb2&#8243; overlay_alpha=\u00bb50&#8243; shift_x=\u00bb0&#8243; shift_y=\u00bb0&#8243; z_index=\u00bb0&#8243; medium_width=\u00bb4&#8243; align_mobile=\u00bbalign_center_mobile\u00bb mobile_width=\u00bb0&#8243; width=\u00bb1\/2&#8243; column_width_pixel=\u00bb528&#8243;][vc_custom_heading text_color=\u00bbcolor-wvjs\u00bb heading_semantic=\u00bbh6&#8243; text_size=\u00bbfontsize-160000&#8243; text_transform=\u00bbuppercase\u00bb text_space=\u00bbfontspace-135905&#8243; uncode_shortcode_id=\u00bb135568&#8243; text_color_type=\u00bbuncode-palette\u00bb]NUESTRA HISTORIA[\/vc_custom_heading][vc_custom_heading heading_semantic=\u00bbh3&#8243; text_font=\u00bbfont-156269&#8243; text_size=\u00bbfontsize-155944&#8243; subheading=\u00bbTerra del Priorat nace de la convicci\u00f3n de que los grandes vinos no se \u201cinventan\u201d, se descubren: ya estaban escritos en la piedra, en la inclinaci\u00f3n de las laderas, en el silencio de las noches de verano. Nuestro trabajo es darles voz. <\/p>\n<p>Escogimos establecernos en el Priorat porque aqu\u00ed el vi\u00f1edo no es una simple plantaci\u00f3n agr\u00edcola: es paisaje, memoria y riesgo. Cada metro de terraza, cada cepa que se agarra a la pizarra oa la roca caliza, representa una decisi\u00f3n consciente de apostar por la excelencia y no por la comodidad. <\/p>\n<p>Nuestra pasi\u00f3n se traduce en:<\/p>\n<p>Viticultura precisa y respetuosa, que acepta bajos rendimientos a cambio de profundidad y autenticidad.<\/p>\n<p>Variedades que dialogan con el territorio: la Garnacha y la Cari\u00f1ena como lenguas maternas, y las blancas del R\u00f3dano como invitadas que entienden el clima y ampl\u00edan el registro arom\u00e1tico y textual.<\/p>\n<p>Vinificaciones que buscan transparencia, dejando que cada parcela cuente su historia sin maquillajes innecesarios. Botas, \u00e1nforas o acero inoxidable son instrumentos; la partitura siempre es el vi\u00f1edo. <\/p>\n<p>Tierra del Priorat existe para elaborar vinos que emocionen tanto al en\u00f3logo como al aficionado que abre una botella a miles de kil\u00f3metros. Vinos con profundidad intelectual -capaces de ser analizados, comparados, estudiados- pero tambi\u00e9n con un pulso po\u00e9tico, que hablen de tierra caliente, cielos limpios y noches de piedra fr\u00eda. <\/p>\n<p>Porque creemos que, si las piedras pudieran hablar, lo har\u00edan en el idioma del vino. Y nuestra misi\u00f3n es traducir ese lenguaje mineral en botellas que puedan viajar por el mundo llevando con ellas un pedazo de Priorat y de Montsant. <\/p>\n<p>En Les Tosses, adem\u00e1s de las tradicionales Cari\u00f1ena y Garnacha, hemos cultivado cepas como Syrah, Merlot y Cabernet Sauvignon, que encuentran aqu\u00ed un perfil sorprendentemente mediterr\u00e1neo y mineral. La pr\u00f3xima plantaci\u00f3n de Garnacha y Cari\u00f1ena reavivar\u00e1 el alma prioratina de la finca, completando el mosaico varietal y asegurando el equilibrio entre potencia internacional y autenticidad local. <\/p>\n<p>Esta complementariedad entre yin y yang, entre roca calc\u00e1rea y pizarra, entre variedades tradicionales y for\u00e1neas, define nuestra pasi\u00f3n y nuestro enfoque: revelar el potencial m\u00e1ximo de cada parcela y de cada variedad, buscando que el vino sea siempre el espejo fiel de la tierra donde nace.\u00bb uncode_shortcode_id=\u00bb193838&#8243; text_color_type=\u00bbuncode-palette\u00bb text_color_solid=\u00bb#ff0000&#8243;]M\u00e1s que un peque\u00f1o productor de pueblo[\/vc_custom_heading][\/vc_column][\/vc_row][vc_row unlock_row_content=\u00bbyes\u00bb row_height_percent=\u00bb0&#8243; override_padding=\u00bbyes\u00bb h_padding=\u00bb2&#8243; top_padding=\u00bb5&#8243; bottom_padding=\u00bb5&#8243; overlay_alpha=\u00bb50&#8243; gutter_size=\u00bb2&#8243; column_width_percent=\u00bb100&#8243; shift_y=\u00bb0&#8243; z_index=\u00bb0&#8243; uncode_shortcode_id=\u00bb156178&#8243;][vc_column column_width_percent=\u00bb100&#8243; gutter_size=\u00bb3&#8243; overlay_alpha=\u00bb50&#8243; shift_x=\u00bb0&#8243; shift_y=\u00bb0&#8243; shift_y_down=\u00bb0&#8243; z_index=\u00bb0&#8243; medium_width=\u00bb0&#8243; mobile_width=\u00bb0&#8243; width=\u00bb1\/4&#8243; uncode_shortcode_id=\u00bb166165&#8243;][vc_single_image media=\u00bb102358&#8243; media_width_percent=\u00bb100&#8243; media_ratio=\u00bbthree-four\u00bb advanced=\u00bbyes\u00bb media_items=\u00bbmedia|original,title\u00bb media_overlay_color=\u00bbcolor-wayh\u00bb media_overlay_opacity=\u00bb20&#8243; media_overlay_visible=\u00bbyes\u00bb media_text_visible=\u00bbyes\u00bb media_overlay_anim=\u00bbno\u00bb media_text_anim=\u00bbno\u00bb media_h_align=\u00bbcenter\u00bb media_padding=\u00bb3&#8243; media_title_family=\u00bbfont-156269&#8243; media_title_dimension=\u00bbh3&#8243; single_image_anim_move=\u00bbyes\u00bb media_title_custom=\u00bbENOTURISME I EXPERI\u00c8NCIES\u00bb media_link=\u00bburl:https%3A%2F%2Fterradelpriorat.com%2Fenoturisme-i-experiencies|title:Enoturmisme%20i%20experi%C3%A8ncies\u00bb media_subtitle_custom=\u00bbEXPERI\u00c8NCIES\u00bb uncode_shortcode_id=\u00bb144656&#8243; media_overlay_color_type=\u00bbuncode-palette\u00bb][\/vc_column][vc_column column_width_percent=\u00bb100&#8243; gutter_size=\u00bb3&#8243; overlay_alpha=\u00bb50&#8243; shift_x=\u00bb0&#8243; shift_y=\u00bb0&#8243; shift_y_down=\u00bb0&#8243; z_index=\u00bb0&#8243; medium_width=\u00bb0&#8243; mobile_width=\u00bb0&#8243; width=\u00bb1\/4&#8243; uncode_shortcode_id=\u00bb109213&#8243;][vc_single_image media=\u00bb102356&#8243; media_width_percent=\u00bb100&#8243; media_ratio=\u00bbthree-four\u00bb advanced=\u00bbyes\u00bb media_items=\u00bbmedia|original,title\u00bb media_overlay_color=\u00bbcolor-wayh\u00bb media_overlay_opacity=\u00bb20&#8243; media_overlay_visible=\u00bbyes\u00bb media_text_visible=\u00bbyes\u00bb media_overlay_anim=\u00bbno\u00bb media_text_anim=\u00bbno\u00bb media_h_align=\u00bbcenter\u00bb media_padding=\u00bb3&#8243; media_title_family=\u00bbfont-156269&#8243; media_title_dimension=\u00bbh3&#8243; single_image_anim_move=\u00bbyes\u00bb media_title_custom=\u00bbESPAI GASTRON\u00d2MIC\u00bb media_link=\u00bburl:https%3A%2F%2Fterradelpriorat.com%2Fespai-gastronomic|title:Enoturisme%20i%20experi%C3%A8ncies\u00bb media_subtitle_custom=\u00bbESPAI GASTRON\u00d2MIC\u00bb uncode_shortcode_id=\u00bb193611&#8243; media_overlay_color_type=\u00bbuncode-palette\u00bb][\/vc_column][vc_column column_width_percent=\u00bb100&#8243; gutter_size=\u00bb3&#8243; overlay_alpha=\u00bb50&#8243; shift_x=\u00bb0&#8243; shift_y=\u00bb0&#8243; shift_y_down=\u00bb0&#8243; z_index=\u00bb0&#8243; medium_width=\u00bb0&#8243; mobile_width=\u00bb0&#8243; width=\u00bb1\/4&#8243; uncode_shortcode_id=\u00bb271595&#8243;][vc_single_image media=\u00bb102440&#8243; media_width_percent=\u00bb100&#8243; media_ratio=\u00bbthree-four\u00bb advanced=\u00bbyes\u00bb media_items=\u00bbmedia|original,title\u00bb media_overlay_color=\u00bbcolor-wayh\u00bb media_overlay_opacity=\u00bb20&#8243; media_overlay_visible=\u00bbyes\u00bb media_text_visible=\u00bbyes\u00bb media_overlay_anim=\u00bbno\u00bb media_text_anim=\u00bbno\u00bb media_h_align=\u00bbcenter\u00bb media_padding=\u00bb3&#8243; media_title_family=\u00bbfont-156269&#8243; media_title_dimension=\u00bbh3&#8243; single_image_anim_move=\u00bbyes\u00bb media_title_custom=\u00bbELS NOSTRES VINS\u00bb media_link=\u00bburl:https%3A%2F%2Fterradelpriorat.com%2Fels-nostres-vins|title:Els%20nostres%20vins\u00bb media_subtitle_custom=\u00bbELS NOSTRES VINS\u00bb uncode_shortcode_id=\u00bb157152&#8243; media_overlay_color_type=\u00bbuncode-palette\u00bb][\/vc_column][vc_column width=\u00bb1\/4&#8243;][vc_single_image media=\u00bb102442&#8243; media_width_percent=\u00bb100&#8243; media_ratio=\u00bbthree-four\u00bb advanced=\u00bbyes\u00bb media_items=\u00bbmedia|original,title\u00bb media_overlay_color=\u00bbcolor-wayh\u00bb media_overlay_opacity=\u00bb20&#8243; media_overlay_visible=\u00bbyes\u00bb media_text_visible=\u00bbyes\u00bb media_overlay_anim=\u00bbno\u00bb media_text_anim=\u00bbno\u00bb media_h_align=\u00bbcenter\u00bb media_padding=\u00bb3&#8243; media_title_family=\u00bbfont-156269&#8243; media_title_dimension=\u00bbh3&#8243; single_image_anim_move=\u00bbyes\u00bb media_title_custom=\u00bbVINOTECA ONLINE\u00bb media_link=\u00bburl:https%3A%2F%2Fvinotecaonline.terradelpriorat.com%2F|title:Vinoteca%20online|target:_blank\u00bb media_subtitle_custom=\u00bbVINOTECA ONLINE\u00bb uncode_shortcode_id=\u00bb753571&#8243; media_overlay_color_type=\u00bbuncode-palette\u00bb][\/vc_column][\/vc_row][vc_row row_height_percent=\u00bb50&#8243; override_padding=\u00bbyes\u00bb h_padding=\u00bb2&#8243; top_padding=\u00bb5&#8243; bottom_padding=\u00bb5&#8243; back_color=\u00bbcolor-wayh\u00bb back_image=\u00bb100972&#8243; parallax=\u00bbyes\u00bb overlay_color=\u00bbcolor-wayh\u00bb overlay_alpha=\u00bb50&#8243; gutter_size=\u00bb100&#8243; column_width_percent=\u00bb100&#8243; shift_y=\u00bb0&#8243; z_index=\u00bb0&#8243; top_divider=\u00bbgradient\u00bb style=\u00bbinherited\u00bb uncode_shortcode_id=\u00bb492175&#8243; back_color_type=\u00bbuncode-palette\u00bb overlay_color_type=\u00bbuncode-palette\u00bb][vc_column column_width_use_pixel=\u00bbyes\u00bb position_vertical=\u00bbmiddle\u00bb align_horizontal=\u00bbalign_center\u00bb gutter_size=\u00bb2&#8243; style=\u00bbdark\u00bb overlay_alpha=\u00bb100&#8243; shift_x=\u00bb0&#8243; shift_y=\u00bb0&#8243; shift_y_down=\u00bb0&#8243; z_index=\u00bb0&#8243; medium_width=\u00bb0&#8243; mobile_width=\u00bb0&#8243; zoom_width=\u00bb0&#8243; zoom_height=\u00bb0&#8243; width=\u00bb1\/1&#8243; column_width_pixel=\u00bb900&#8243;][vc_custom_heading heading_semantic=\u00bbh3&#8243; text_font=\u00bbfont-156269&#8243; text_size=\u00bbfontsize-155944&#8243; uncode_shortcode_id=\u00bb198571&#8243;]El Palauet del Priorat[\/vc_custom_heading][vc_column_text uncode_shortcode_id=\u00bb282554&#8243;]Dormir en Cornudella de Montsant en un alojamiento con 7 habitaciones, cada una con su encanto, ba\u00f1o incluido y dise\u00f1adas para ofrecer un ambiente \u00fanico. El Palauet del Priorat te espera en el coraz\u00f3n del Montsant. Una casa con encanto y familiar que har\u00e1 que tu visita y estancia sea inolvidable&#8230;[\/vc_column_text][vc_empty_space empty_h=\u00bb1&#8243;][vc_button button_color=\u00bbcolor-wvjs\u00bb text_skin=\u00bbyes\u00bb border_width=\u00bb0&#8243; link=\u00bburl:https%3A%2F%2Fterradelpriorat.com%2Fallotjament|title:Allotjament|target:_blank|\u00bb button_color_type=\u00bbuncode-palette\u00bb uncode_shortcode_id=\u00bb349647&#8243;]Haz tu reserva[\/vc_button][\/vc_column][\/vc_row]<\/p>\n<\/div>","protected":false},"excerpt":{"rendered":"<p>[vc_row unlock_row_content=\u00bbyes\u00bb row_height_percent=\u00bb100&#8243; override_padding=\u00bbyes\u00bb h_padding=\u00bb0&#8243; top_padding=\u00bb5&#8243; bottom_padding=\u00bb5&#8243; back_color=\u00bbcolor-wayh\u00bb overlay_alpha=\u00bb50&#8243; gutter_size=\u00bb3&#8243; column_width_percent=\u00bb100&#8243; shift_y=\u00bb0&#8243; z_index=\u00bb0&#8243; front_end_with_slider=\u00bbtrue\u00bb uncode_shortcode_id=\u00bb107248&#8243; back_color_type=\u00bbuncode-palette\u00bb][vc_column column_width_percent=\u00bb100&#8243; gutter_size=\u00bb3&#8243; style=\u00bbdark\u00bb overlay_alpha=\u00bb50&#8243; [&hellip;]<\/p>\n","protected":false},"author":1,"featured_media":0,"parent":0,"menu_order":0,"comment_status":"open","ping_status":"closed","template":"","meta":{"footnotes":""},"class_list":["post-102563","page","type-page","status-publish","hentry"],"_links":{"self":[{"href":"https:\/\/terradelpriorat.com\/es\/wp-json\/wp\/v2\/pages\/102563","targetHints":{"allow":["GET"]}}],"collection":[{"href":"https:\/\/terradelpriorat.com\/es\/wp-json\/wp\/v2\/pages"}],"about":[{"href":"https:\/\/terradelpriorat.com\/es\/wp-json\/wp\/v2\/types\/page"}],"author":[{"embeddable":true,"href":"https:\/\/terradelpriorat.com\/es\/wp-json\/wp\/v2\/users\/1"}],"replies":[{"embeddable":true,"href":"https:\/\/terradelpriorat.com\/es\/wp-json\/wp\/v2\/comments?post=102563"}],"version-history":[{"count":9,"href":"https:\/\/terradelpriorat.com\/es\/wp-json\/wp\/v2\/pages\/102563\/revisions"}],"predecessor-version":[{"id":103693,"href":"https:\/\/terradelpriorat.com\/es\/wp-json\/wp\/v2\/pages\/102563\/revisions\/103693"}],"wp:attachment":[{"href":"https:\/\/terradelpriorat.com\/es\/wp-json\/wp\/v2\/media?parent=102563"}],"curies":[{"name":"wp","href":"https:\/\/api.w.org\/{rel}","templated":true}]}}