{"id":102580,"date":"2023-12-09T18:37:07","date_gmt":"2023-12-09T17:37:07","guid":{"rendered":"https:\/\/terradelpriorat.com\/nuestro-hotel"},"modified":"2023-12-09T18:37:07","modified_gmt":"2023-12-09T17:37:07","slug":"nuestro-hotel","status":"publish","type":"page","link":"https:\/\/terradelpriorat.com\/es\/nuestro-hotel","title":{"rendered":"Nuestro hotel"},"content":{"rendered":"<div class=\"wpb-content-wrapper\"><p>[vc_row row_height_percent=\u00bb100&#8243; back_color=\u00bbcolor-nhtu\u00bb overlay_alpha=\u00bb50&#8243; gutter_size=\u00bb3&#8243; column_width_percent=\u00bb100&#8243; shift_y=\u00bb0&#8243; z_index=\u00bb0&#8243; front_end_with_slider=\u00bbtrue\u00bb uncode_shortcode_id=\u00bb108085&#8243; back_color_type=\u00bbuncode-palette\u00bb][vc_column width=\u00bb1\/1&#8243;][uncode_slider slider_type=\u00bbfade\u00bb slider_interval=\u00bb5000&#8243; slider_navspeed=\u00bb700&#8243; slider_loop=\u00bbyes\u00bb slider_dots_space=\u00bbyes\u00bb][vc_row_inner row_inner_height_percent=\u00bb0&#8243; back_color=\u00bbcolor-nhtu\u00bb back_image=\u00bb100971&#8243; back_position=\u00bbcenter bottom\u00bb parallax=\u00bbyes\u00bb overlay_color=\u00bbcolor-jevc\u00bb overlay_alpha=\u00bb30&#8243; gutter_size=\u00bb3&#8243; shift_y=\u00bb0&#8243; z_index=\u00bb0&#8243; limit_content=\u00bbyes\u00bb front_end_with_slider=\u00bbtrue\u00bb uncode_shortcode_id=\u00bb127017&#8243; back_color_type=\u00bbuncode-palette\u00bb overlay_color_type=\u00bbuncode-palette\u00bb][vc_column_inner column_width_use_pixel=\u00bbyes\u00bb position_vertical=\u00bbmiddle\u00bb align_horizontal=\u00bbalign_center\u00bb gutter_size=\u00bb3&#8243; style=\u00bbdark\u00bb overlay_alpha=\u00bb50&#8243; shift_x=\u00bb0&#8243; shift_y=\u00bb0&#8243; shift_y_down=\u00bb0&#8243; z_index=\u00bb0&#8243; medium_width=\u00bb0&#8243; mobile_width=\u00bb0&#8243; css_animation=\u00bbbottom-t-top\u00bb animation_speed=\u00bb800&#8243; zoom_width=\u00bb0&#8243; zoom_height=\u00bb0&#8243; width=\u00bb1\/1&#8243; column_width_pixel=\u00bb760&#8243; uncode_shortcode_id=\u00bb156043&#8243;][vc_custom_heading text_font=\u00bbfont-156269&#8243; text_size=\u00bbfontsize-338686&#8243; text_weight=\u00bb500&#8243; text_space=\u00bbfontspace-781688&#8243; sub_lead=\u00bbyes\u00bb sub_reduced=\u00bbyes\u00bb css_animation=\u00bbcurtain\u00bb animation_speed=\u00bb800&#8243; uncode_shortcode_id=\u00bb153227&#8243;]Hotel El Palauet del Priorat[\/vc_custom_heading][\/vc_column_inner][\/vc_row_inner][\/uncode_slider][\/vc_column][\/vc_row][vc_row row_height_percent=\u00bb0&#8243; override_padding=\u00bbyes\u00bb h_padding=\u00bb2&#8243; top_padding=\u00bb5&#8243; bottom_padding=\u00bb5&#8243; overlay_alpha=\u00bb50&#8243; gutter_size=\u00bb3&#8243; column_width_percent=\u00bb100&#8243; shift_y=\u00bb0&#8243; z_index=\u00bb0&#8243;][vc_column column_width_use_pixel=\u00bbyes\u00bb align_horizontal=\u00bbalign_center\u00bb gutter_size=\u00bb3&#8243; overlay_alpha=\u00bb50&#8243; shift_x=\u00bb0&#8243; shift_y=\u00bb0&#8243; shift_y_down=\u00bb0&#8243; z_index=\u00bb0&#8243; medium_width=\u00bb0&#8243; mobile_width=\u00bb0&#8243; width=\u00bb1\/1&#8243; column_width_pixel=\u00bb900&#8243;][vc_custom_heading heading_semantic=\u00bbh3&#8243; text_font=\u00bbfont-156269&#8243; text_size=\u00bbfontsize-155944&#8243; uncode_shortcode_id=\u00bb905099&#8243;]Todo puede suceder, s\u00f3lo hace falta que lo desees[\/vc_custom_heading][vc_column_text text_lead=\u00bbyes\u00bb uncode_shortcode_id=\u00bb200273&#8243;]Dormir en Cornudella de Montsant en un alojamiento con 7 habitaciones, cada una con su encanto, ba\u00f1o incluido y dise\u00f1adas para ofrecer un ambiente \u00fanico. El Palauet del Priorat te espera en el coraz\u00f3n del Montsant, una casa con encanto y familiar que har\u00e1 que tu visita y estancia sea inolvidable.[\/vc_column_text][\/vc_column][\/vc_row][vc_row row_height_percent=\u00bb0&#8243; override_padding=\u00bbyes\u00bb h_padding=\u00bb2&#8243; top_padding=\u00bb5&#8243; bottom_padding=\u00bb5&#8243; overlay_alpha=\u00bb100&#8243; gutter_size=\u00bb100&#8243; column_width_percent=\u00bb100&#8243; shift_y=\u00bb0&#8243; z_index=\u00bb0&#8243; style=\u00bbinherited\u00bb][vc_column column_width_percent=\u00bb100&#8243; align_horizontal=\u00bbalign_center\u00bb gutter_size=\u00bb3&#8243; overlay_alpha=\u00bb50&#8243; shift_x=\u00bb0&#8243; shift_y=\u00bb0&#8243; medium_width=\u00bb0&#8243; zoom_width=\u00bb0&#8243; zoom_height=\u00bb0&#8243; width=\u00bb1\/1&#8243;][vc_gallery el_id=\u00bbgallery-958453445&#8243; type=\u00bbcarousel\u00bb medias=\u00bb101063,101060,101059,101061,101058,101062,101064&#8243; carousel_lg=\u00bb4&#8243; carousel_md=\u00bb3&#8243; carousel_sm=\u00bb1&#8243; thumb_size=\u00bbone-one\u00bb gutter_size=\u00bb1&#8243; media_items=\u00bbmedia,icon\u00bb carousel_interval=\u00bb3000&#8243; carousel_navspeed=\u00bb400&#8243; carousel_dots=\u00bbyes\u00bb carousel_dots_space=\u00bbyes\u00bb carousel_dots_mobile=\u00bbyes\u00bb stage_padding=\u00bb0&#8243; single_overlay_opacity=\u00bb50&#8243; single_text_anim_type=\u00bbbtt\u00bb single_h_align=\u00bbcenter\u00bb single_padding=\u00bb2&#8243; single_icon=\u00bbfa fa-search3&#8243; single_border=\u00bbyes\u00bb single_css_animation=\u00bbbottom-t-top\u00bb single_animation_delay=\u00bb200&#8243; lbox_caption=\u00bbyes\u00bb no_double_tap=\u00bbyes\u00bb carousel_rtl=\u00bb\u00bb single_title_uppercase=\u00bb\u00bb single_title_bold=\u00bb\u00bb single_title_serif=\u00bb\u00bb onclick=\u00bblink_image\u00bb custom_links_target=\u00bb_self\u00bb items=\u00bbeyI4ODY4X2kiOnsic2luZ2xlX3dpZHRoIjoiNCIsInNpbmdsZV9oZWlnaHQiOiI0In0sIjg4NjJfaSI6eyJzaW5nbGVfd2lkdGgiOiI0Iiwic2luZ2xlX2hlaWdodCI6IjQifSwiODg2MF9pIjp7InNpbmdsZV93aWR0aCI6IjQifX0=\u00bb single_half_padding=\u00bb\u00bb single_no_background=\u00bb\u00bb uncode_shortcode_id=\u00bb968270&#8243;][\/vc_column][\/vc_row][vc_row row_height_percent=\u00bb50&#8243; override_padding=\u00bbyes\u00bb h_padding=\u00bb2&#8243; top_padding=\u00bb5&#8243; bottom_padding=\u00bb5&#8243; overlay_alpha=\u00bb50&#8243; gutter_size=\u00bb3&#8243; column_width_percent=\u00bb100&#8243; shift_y=\u00bb0&#8243; z_index=\u00bb0&#8243;][vc_column column_width_use_pixel=\u00bbyes\u00bb position_vertical=\u00bbmiddle\u00bb align_horizontal=\u00bbalign_center\u00bb gutter_size=\u00bb3&#8243; overlay_alpha=\u00bb50&#8243; shift_x=\u00bb0&#8243; shift_y=\u00bb0&#8243; shift_y_down=\u00bb0&#8243; z_index=\u00bb0&#8243; medium_width=\u00bb0&#8243; mobile_width=\u00bb0&#8243; width=\u00bb1\/1&#8243; column_width_pixel=\u00bb900&#8243;][vc_custom_heading text_color=\u00bbcolor-wvjs\u00bb heading_semantic=\u00bbh6&#8243; text_size=\u00bbfontsize-160000&#8243; text_transform=\u00bbuppercase\u00bb text_space=\u00bbfontspace-135905&#8243; uncode_shortcode_id=\u00bb435759&#8243; text_color_type=\u00bbuncode-palette\u00bb]SUITES &amp; EXPERIENCES[\/vc_custom_heading][vc_custom_heading heading_semantic=\u00bbh3&#8243; text_font=\u00bbfont-156269&#8243; text_size=\u00bbfontsize-155944&#8243; uncode_shortcode_id=\u00bb193994&#8243;]Haz tu reserva en el Palauet del Priorat y mejora la experiencia en la tierra del vino.[\/vc_custom_heading][vc_button button_color=\u00bbcolor-wvjs\u00bb border_width=\u00bb0&#8243; link=\u00bburl:https%3A%2F%2Felpalauetdelpriorat.com%2F|target:_blank|\u00bb button_color_type=\u00bbuncode-palette\u00bb uncode_shortcode_id=\u00bb129799&#8243;]Reserva ahora[\/vc_button][\/vc_column][\/vc_row]<\/p>\n<\/div>","protected":false},"excerpt":{"rendered":"<p>[vc_row row_height_percent=\u00bb100&#8243; back_color=\u00bbcolor-nhtu\u00bb overlay_alpha=\u00bb50&#8243; gutter_size=\u00bb3&#8243; column_width_percent=\u00bb100&#8243; shift_y=\u00bb0&#8243; z_index=\u00bb0&#8243; front_end_with_slider=\u00bbtrue\u00bb uncode_shortcode_id=\u00bb108085&#8243; back_color_type=\u00bbuncode-palette\u00bb][vc_column width=\u00bb1\/1&#8243;][uncode_slider slider_type=\u00bbfade\u00bb slider_interval=\u00bb5000&#8243; slider_navspeed=\u00bb700&#8243; slider_loop=\u00bbyes\u00bb slider_dots_space=\u00bbyes\u00bb][vc_row_inner row_inner_height_percent=\u00bb0&#8243; back_color=\u00bbcolor-nhtu\u00bb back_image=\u00bb100971&#8243; [&hellip;]<\/p>\n","protected":false},"author":1,"featured_media":0,"parent":0,"menu_order":0,"comment_status":"closed","ping_status":"closed","template":"","meta":{"footnotes":""},"class_list":["post-102580","page","type-page","status-publish","hentry","page_category-classic-es"],"_links":{"self":[{"href":"https:\/\/terradelpriorat.com\/es\/wp-json\/wp\/v2\/pages\/102580","targetHints":{"allow":["GET"]}}],"collection":[{"href":"https:\/\/terradelpriorat.com\/es\/wp-json\/wp\/v2\/pages"}],"about":[{"href":"https:\/\/terradelpriorat.com\/es\/wp-json\/wp\/v2\/types\/page"}],"author":[{"embeddable":true,"href":"https:\/\/terradelpriorat.com\/es\/wp-json\/wp\/v2\/users\/1"}],"replies":[{"embeddable":true,"href":"https:\/\/terradelpriorat.com\/es\/wp-json\/wp\/v2\/comments?post=102580"}],"version-history":[{"count":1,"href":"https:\/\/terradelpriorat.com\/es\/wp-json\/wp\/v2\/pages\/102580\/revisions"}],"predecessor-version":[{"id":102583,"href":"https:\/\/terradelpriorat.com\/es\/wp-json\/wp\/v2\/pages\/102580\/revisions\/102583"}],"wp:attachment":[{"href":"https:\/\/terradelpriorat.com\/es\/wp-json\/wp\/v2\/media?parent=102580"}],"curies":[{"name":"wp","href":"https:\/\/api.w.org\/{rel}","templated":true}]}}