{"id":102601,"date":"2021-12-07T11:59:31","date_gmt":"2021-12-07T10:59:31","guid":{"rendered":"https:\/\/terradelpriorat.com\/producto\/cata-de-vinos"},"modified":"2026-02-24T09:51:45","modified_gmt":"2026-02-24T08:51:45","slug":"cata-de-vinos","status":"publish","type":"product","link":"https:\/\/terradelpriorat.com\/es\/producto\/cata-de-vinos","title":{"rendered":"Cata de vinos"},"content":{"rendered":"<p>Disfruta de una experiencia \u00edntima y personalizada de una cata y an\u00e1lisis sensorial de cinco vinos de elaboraci\u00f3n propia D.O.Q Priorat y vinos de autor sin prisa ni tiempo m\u00ednimo de duraci\u00f3n.<\/p>\n","protected":false},"excerpt":{"rendered":"<p>Disfruta de una experiencia de una cata de varios vinos de la regi\u00f3n del Priorat en un espacio lleno de encanto y tradici\u00f3n vitivin\u00edcola.<\/p>\n<p> Para reservar fecha, env\u00eda un correo electr\u00f3nico a <a href=\"mailto:info@elpalauetdelpriorat.com\">info@elpalauetdelpriorat.com<\/a> o llamando al <a href=\"tel:+34622554820\">622 55 48 20<\/a> .<\/p>\n","protected":false},"featured_media":102448,"template":"","meta":[],"product_brand":[],"product_cat":[144],"product_tag":[],"class_list":{"0":"post-102601","1":"product","2":"type-product","3":"status-publish","4":"has-post-thumbnail","6":"product_cat-packs-es","8":"first","9":"instock","10":"virtual","11":"taxable","12":"purchasable","13":"product-type-simple"},"_links":{"self":[{"href":"https:\/\/terradelpriorat.com\/es\/wp-json\/wp\/v2\/product\/102601","targetHints":{"allow":["GET"]}}],"collection":[{"href":"https:\/\/terradelpriorat.com\/es\/wp-json\/wp\/v2\/product"}],"about":[{"href":"https:\/\/terradelpriorat.com\/es\/wp-json\/wp\/v2\/types\/product"}],"wp:featuredmedia":[{"embeddable":true,"href":"https:\/\/terradelpriorat.com\/es\/wp-json\/wp\/v2\/media\/102448"}],"wp:attachment":[{"href":"https:\/\/terradelpriorat.com\/es\/wp-json\/wp\/v2\/media?parent=102601"}],"wp:term":[{"taxonomy":"product_brand","embeddable":true,"href":"https:\/\/terradelpriorat.com\/es\/wp-json\/wp\/v2\/product_brand?post=102601"},{"taxonomy":"product_cat","embeddable":true,"href":"https:\/\/terradelpriorat.com\/es\/wp-json\/wp\/v2\/product_cat?post=102601"},{"taxonomy":"product_tag","embeddable":true,"href":"https:\/\/terradelpriorat.com\/es\/wp-json\/wp\/v2\/product_tag?post=102601"}],"curies":[{"name":"wp","href":"https:\/\/api.w.org\/{rel}","templated":true}]}}